{"id":2860,"date":"2025-08-30T16:38:45","date_gmt":"2025-08-30T19:38:45","guid":{"rendered":"https:\/\/www.npcrs.com.br\/regulation\/important-documents\/"},"modified":"2025-11-03T21:24:11","modified_gmt":"2025-11-04T00:24:11","slug":"important-documents","status":"publish","type":"page","link":"https:\/\/www.npcrs.com.br\/en\/clinical-research\/regulation\/important-documents\/","title":{"rendered":"IMPORTANT DOCUMENTS"},"content":{"rendered":"<p>[et_pb_section fb_built=&#8221;1&#8243; fullwidth=&#8221;on&#8221; _builder_version=&#8221;4.27.4&#8243; _module_preset=&#8221;default&#8221; background_enable_color=&#8221;off&#8221; use_background_color_gradient=&#8221;on&#8221; background_color_gradient_stops=&#8221;rgba(20,120,196,0.85) 0%|rgba(20,120,196,0.85) 100%&#8221; background_color_gradient_overlays_image=&#8221;on&#8221; background_image=&#8221;https:\/\/www.npcrs.com.br\/wp-content\/uploads\/2025\/09\/dna-estudos.jpg&#8221; global_colors_info=&#8221;{}&#8221; theme_builder_area=&#8221;post_content&#8221;][et_pb_fullwidth_header title=&#8221;IMPORTANT DOCUMENTS&#8221; _builder_version=&#8221;4.27.4&#8243; _module_preset=&#8221;default&#8221; title_font=&#8221;|700||on|||||&#8221; background_enable_color=&#8221;off&#8221; background_enable_image=&#8221;off&#8221; global_colors_info=&#8221;{}&#8221; theme_builder_area=&#8221;post_content&#8221;]<\/p>\n<p>Reference materials that support researchers and volunteers in understanding the ethical process of clinical research.<\/p>\n<p>[\/et_pb_fullwidth_header][\/et_pb_section][et_pb_section fb_built=&#8221;1&#8243; _builder_version=&#8221;4.27.4&#8243; _module_preset=&#8221;default&#8221; custom_padding=&#8221;||30px|||&#8221; global_colors_info=&#8221;{}&#8221; theme_builder_area=&#8221;post_content&#8221;][et_pb_row column_structure=&#8221;2_3,1_3&#8243; _builder_version=&#8221;4.27.4&#8243; _module_preset=&#8221;default&#8221; global_colors_info=&#8221;{}&#8221; theme_builder_area=&#8221;post_content&#8221;][et_pb_column type=&#8221;2_3&#8243; _builder_version=&#8221;4.27.4&#8243; _module_preset=&#8221;default&#8221; global_colors_info=&#8221;{}&#8221; theme_builder_area=&#8221;post_content&#8221;][et_pb_text _builder_version=&#8221;4.27.4&#8243; _module_preset=&#8221;default&#8221; custom_padding=&#8221;||16px|||&#8221; hover_enabled=&#8221;0&#8243; global_colors_info=&#8221;{}&#8221; theme_builder_area=&#8221;post_content&#8221; sticky_enabled=&#8221;0&#8243;]<\/p>\n<p data-start=\"327\" data-end=\"502\">Full understanding of rights and responsibilities is fundamental for participation in clinical studies. In this section, we have gathered documents that offer practical guidance on the development and conduct of the informed consent process, as well as reflections on ethics applied to health research. These contents serve as reference for both researchers and study teams as well as volunteers, contributing to conscious decisions, greater transparency and strengthening of mutual trust at each stage of the research.<\/p>\n<p>[\/et_pb_text][et_pb_divider _builder_version=&#8221;4.27.4&#8243; _module_preset=&#8221;default&#8221; global_colors_info=&#8221;{}&#8221; theme_builder_area=&#8221;post_content&#8221;][\/et_pb_divider][\/et_pb_column][et_pb_column type=&#8221;1_3&#8243; _builder_version=&#8221;4.27.4&#8243; _module_preset=&#8221;default&#8221; global_colors_info=&#8221;{}&#8221; theme_builder_area=&#8221;post_content&#8221;][et_pb_image src=&#8221;https:\/\/www.npcrs.com.br\/wp-content\/uploads\/2025\/09\/leis-estudos-clinicos-2.jpg&#8221; title_text=&#8221;leis-estudos-clinicos-2&#8243; _builder_version=&#8221;4.27.4&#8243; _module_preset=&#8221;default&#8221; hover_enabled=&#8221;0&#8243; box_shadow_style=&#8221;preset4&#8243; box_shadow_horizontal=&#8221;8px&#8221; box_shadow_vertical=&#8221;8px&#8221; box_shadow_color=&#8221;#1478C4&#8243; global_colors_info=&#8221;{}&#8221; theme_builder_area=&#8221;post_content&#8221; sticky_enabled=&#8221;0&#8243;][\/et_pb_image][\/et_pb_column][\/et_pb_row][et_pb_row _builder_version=&#8221;4.27.4&#8243; _module_preset=&#8221;default&#8221; global_colors_info=&#8221;{}&#8221; theme_builder_area=&#8221;post_content&#8221;][et_pb_column type=&#8221;4_4&#8243; _builder_version=&#8221;4.27.4&#8243; _module_preset=&#8221;default&#8221; global_colors_info=&#8221;{}&#8221; theme_builder_area=&#8221;post_content&#8221;][et_pb_text _builder_version=&#8221;4.27.4&#8243; _module_preset=&#8221;default&#8221; hover_enabled=&#8221;0&#8243; global_colors_info=&#8221;{}&#8221; theme_builder_area=&#8221;post_content&#8221; sticky_enabled=&#8221;0&#8243;]<\/p>\n<h2>Click to access the documents in PDF format<\/h2>\n<p><a href=\"https:\/\/www.npcrs.com.br\/wp-content\/uploads\/2025\/09\/consentimento-em-pesquisa_FrancisconiGoldim.pdf\" target=\"_blank\" rel=\"noopener\" title=\"Termo de Consentimento Informado para Pesquisa \u2013 Aux\u00edlio para a sua Estrutura\u00e7\u00e3o\"><i class=\"fi fi-sr-file-pdf icone-pdf\"><\/i> Termo de Consentimento Informado para Pesquisa \u2013 Aux\u00edlio para a sua Estrutura\u00e7\u00e3o<\/a><\/p>\n<p><a href=\"https:\/\/www.npcrs.com.br\/wp-content\/uploads\/2025\/09\/Consentimento-Informado_Goldim.pdf\" target=\"_blank\" rel=\"noopener\" title=\"Consentimento Informado\"><i class=\"fi fi-sr-file-pdf icone-pdf\"><\/i> Consentimento Informado<\/a><\/p>\n<p><a href=\"https:\/\/www.npcrs.com.br\/wp-content\/uploads\/2025\/09\/Etica-Aplicada-a-Pesquisa-em-Saude-27_07_2000.pdf\" target=\"_blank\" rel=\"noopener\" title=\"\u00c9tica Aplicada \u00e0 Pesquisa em Sa\u00fade\"><i class=\"fi fi-sr-file-pdf icone-pdf\"><\/i> \u00c9tica Aplicada \u00e0 Pesquisa em Sa\u00fade<\/a><\/p>\n<p><a href=\"https:\/\/www.npcrs.com.br\/wp-content\/uploads\/2025\/09\/goldim-TCLE-coletivo.pdf\" target=\"_blank\" rel=\"noopener\" title=\"O processo de consentimento livre e esclarecido em pesquisa: Uma nova abordagem\"><i class=\"fi fi-sr-file-pdf icone-pdf\"><\/i> O processo de consentimento livre e esclarecido em pesquisa: Uma nova abordagem<\/a><\/p>\n<p>[\/et_pb_text][\/et_pb_column][\/et_pb_row][\/et_pb_section][et_pb_section fb_built=&#8221;1&#8243; fullwidth=&#8221;on&#8221; _builder_version=&#8221;4.27.4&#8243; _module_preset=&#8221;default&#8221; background_enable_color=&#8221;off&#8221; background_enable_image=&#8221;off&#8221; global_module=&#8221;1666&#8243; saved_tabs=&#8221;all&#8221; global_colors_info=&#8221;{}&#8221; theme_builder_area=&#8221;post_content&#8221;][et_pb_fullwidth_slider _builder_version=&#8221;4.27.4&#8243; _module_preset=&#8221;default&#8221; header_font=&#8221;Montserrat|800|||||||&#8221; header_text_align=&#8221;center&#8221; body_text_align=&#8221;left&#8221; body_font_size=&#8221;16px&#8221; background_enable_color=&#8221;off&#8221; use_background_color_gradient=&#8221;on&#8221; background_color_gradient_stops=&#8221;rgba(7,69,127,0.75) 0%|rgba(7,69,127,0.75) 100%&#8221; background_color_gradient_overlays_image=&#8221;on&#8221; background_image=&#8221;https:\/\/www.npcrs.com.br\/wp-content\/uploads\/2025\/09\/voluntario-2.jpg&#8221; custom_button=&#8221;on&#8221; button_text_size=&#8221;18px&#8221; button_text_color=&#8221;#F3F4F6&#8243; button_bg_color=&#8221;#1478C4&#8243; button_border_color=&#8221;RGBA(255,255,255,0)&#8221; button_border_radius=&#8221;8px&#8221; button_font=&#8221;Montserrat|||on|||||&#8221; button_icon=&#8221;&#xe101;||divi||400&#8243; button_icon_placement=&#8221;left&#8221; button_on_hover=&#8221;off&#8221; box_shadow_style_button=&#8221;preset3&#8243; box_shadow_vertical_button=&#8221;10px&#8221; box_shadow_blur_button=&#8221;14px&#8221; box_shadow_color_button=&#8221;rgba(17,24,39,0.59)&#8221; global_colors_info=&#8221;{}&#8221; theme_builder_area=&#8221;post_content&#8221;][et_pb_slide heading=&#8221;Be a Volunteer&#8221; button_text=&#8221;Participate&#8221; button_link=&#8221;@ET-DC@eyJkeW5hbWljIjp0cnVlLCJjb250ZW50IjoicG9zdF9saW5rX3VybF9wYWdlIiwic2V0dGluZ3MiOnsicG9zdF9pZCI6IjExMiJ9fQ==@&#8221; _builder_version=&#8221;4.27.4&#8243; _dynamic_attributes=&#8221;button_link&#8221; _module_preset=&#8221;default&#8221; header_text_align=&#8221;center&#8221; body_text_align=&#8221;center&#8221; text_orientation=&#8221;center&#8221; global_colors_info=&#8221;{}&#8221; sticky_transition=&#8221;on&#8221; theme_builder_area=&#8221;post_content&#8221;]Participate in clinical studies that contribute to the advancement of science and help transform lives. Your participation makes a difference.[\/et_pb_slide][\/et_pb_fullwidth_slider][\/et_pb_section]<\/p>\n","protected":false},"excerpt":{"rendered":"<p>Reference materials that support researchers and volunteers in understanding the ethical process of clinical research.Full understanding of rights and responsibilities is fundamental for participation in clinical studies. In this section, we have gathered documents that offer practical guidance on the development and conduct of the informed consent process, as well as reflections on ethics applied [&hellip;]<\/p>\n","protected":false},"author":1,"featured_media":0,"parent":2851,"menu_order":0,"comment_status":"closed","ping_status":"closed","template":"","meta":{"_acf_changed":false,"_et_pb_use_builder":"on","_et_pb_old_content":"","_et_gb_content_width":"","_joinchat":[],"footnotes":""},"class_list":["post-2860","page","type-page","status-publish","hentry"],"acf":[],"_links":{"self":[{"href":"https:\/\/www.npcrs.com.br\/en\/wp-json\/wp\/v2\/pages\/2860","targetHints":{"allow":["GET"]}}],"collection":[{"href":"https:\/\/www.npcrs.com.br\/en\/wp-json\/wp\/v2\/pages"}],"about":[{"href":"https:\/\/www.npcrs.com.br\/en\/wp-json\/wp\/v2\/types\/page"}],"author":[{"embeddable":true,"href":"https:\/\/www.npcrs.com.br\/en\/wp-json\/wp\/v2\/users\/1"}],"replies":[{"embeddable":true,"href":"https:\/\/www.npcrs.com.br\/en\/wp-json\/wp\/v2\/comments?post=2860"}],"version-history":[{"count":2,"href":"https:\/\/www.npcrs.com.br\/en\/wp-json\/wp\/v2\/pages\/2860\/revisions"}],"predecessor-version":[{"id":2862,"href":"https:\/\/www.npcrs.com.br\/en\/wp-json\/wp\/v2\/pages\/2860\/revisions\/2862"}],"up":[{"embeddable":true,"href":"https:\/\/www.npcrs.com.br\/en\/wp-json\/wp\/v2\/pages\/2851"}],"wp:attachment":[{"href":"https:\/\/www.npcrs.com.br\/en\/wp-json\/wp\/v2\/media?parent=2860"}],"curies":[{"name":"wp","href":"https:\/\/api.w.org\/{rel}","templated":true}]}}