{"id":2962,"date":"2025-08-30T16:35:00","date_gmt":"2025-08-30T19:35:00","guid":{"rendered":"https:\/\/www.npcrs.com.br\/studies\/"},"modified":"2025-11-05T12:04:59","modified_gmt":"2025-11-05T15:04:59","slug":"studies","status":"publish","type":"page","link":"https:\/\/www.npcrs.com.br\/en\/clinical-research\/studies\/","title":{"rendered":"Studies"},"content":{"rendered":"<p>[et_pb_section fb_built=&#8221;1&#8243; fullwidth=&#8221;on&#8221; _builder_version=&#8221;4.27.4&#8243; _module_preset=&#8221;default&#8221; background_enable_color=&#8221;off&#8221; use_background_color_gradient=&#8221;on&#8221; background_color_gradient_stops=&#8221;rgba(20,120,196,0.85) 0%|rgba(20,120,196,0.85) 100%&#8221; background_color_gradient_overlays_image=&#8221;on&#8221; background_image=&#8221;https:\/\/www.npcrs.com.br\/wp-content\/uploads\/2025\/09\/dna-estudos.jpg&#8221; global_colors_info=&#8221;{}&#8221;][et_pb_fullwidth_header title=&#8221;Studies&#8221; _builder_version=&#8221;4.27.4&#8243; _module_preset=&#8221;default&#8221; title_font=&#8221;|700||on|||||&#8221; background_enable_color=&#8221;off&#8221; background_enable_image=&#8221;off&#8221; hover_enabled=&#8221;0&#8243; global_colors_info=&#8221;{}&#8221; sticky_enabled=&#8221;0&#8243;]<\/p>\n<p>Follow the research conducted by NPCRS.<\/p>\n<p>[\/et_pb_fullwidth_header][\/et_pb_section][et_pb_section fb_built=&#8221;1&#8243; _builder_version=&#8221;4.27.4&#8243; _module_preset=&#8221;default&#8221; custom_padding=&#8221;12px||12px||false|false&#8221; hover_enabled=&#8221;0&#8243; global_colors_info=&#8221;{}&#8221; sticky_enabled=&#8221;0&#8243;][et_pb_row _builder_version=&#8221;4.27.4&#8243; _module_preset=&#8221;default&#8221; hover_enabled=&#8221;0&#8243; global_colors_info=&#8221;{}&#8221; custom_padding=&#8221;2px||2px||false|false&#8221; sticky_enabled=&#8221;0&#8243;][et_pb_column type=&#8221;4_4&#8243; _builder_version=&#8221;4.27.4&#8243; _module_preset=&#8221;default&#8221; global_colors_info=&#8221;{}&#8221;][et_pb_code _builder_version=&#8221;4.27.4&#8243; _module_preset=&#8221;default&#8221; global_colors_info=&#8221;{}&#8221;]    <style>\n        \/* Critical CSS inline para garantia de aplica\u00e7\u00e3o - NPCRS Filtros v3.0.12.8 *\/\n        @media (max-width: 1024px) {\n            .npcrs-filtros .filtros-row {\n                display: block !important;\n            }\n\n            .npcrs-filtros .filtro-col {\n                width: 100% !important;\n                margin: 0 !important;\n                display: block !important;\n            }\n\n            .npcrs-filtros .filtro-col+.filtro-col {\n                margin-top: 0.5rem !important;\n            }\n\n            .npcrs-filtros .filtro-col label {\n                margin-bottom: 0.3rem !important;\n            }\n\n            .npcrs-filtros .filtro-col select {\n                margin: 0 !important;\n            }\n        }\n    <\/style>\n    <div class=\"npcrs-filtros\">\n        <form method=\"GET\" action=\"\" id=\"npcrs-filtros-form\">\n            <input type=\"hidden\" id=\"npcrs_nonce\" name=\"npcrs_nonce\" value=\"1c68fc1823\" \/>            <div class=\"filtros-row\">\n                <div class=\"filtro-col\">\n                    <label for=\"filter-status\">Status:<\/label>\n                    <select name=\"status\" id=\"filter-status\">\n                        <option value=\"\">All Statuses<\/option>\n                        <option value=\"recrutando\" >\n                            Recruiting                        <\/option>\n                        <option value=\"andamento\" >\n                            Ongoing                        <\/option>\n                        <option value=\"finalizado\" >\n                            Completed                        <\/option>\n                    <\/select>\n                <\/div>\n\n                <div class=\"filtro-col\">\n                    <label for=\"filter-especialidade\">Specialty:<\/label>\n                    <select name=\"especialidade\" id=\"filter-especialidade\">\n                        <option value=\"\">All Specialties<\/option>\n                                            <\/select>\n                <\/div>\n\n                <div class=\"filtro-col\">\n                    <label for=\"filter-area\">Therapeutic Area<\/label>\n                    <select name=\"area\" id=\"filter-area\">\n                        <option value=\"\">All Therapeutic Areas<\/option>\n                        <option value=\"alzheimers-disease\" >Alzheimer&#039;s Disease<\/option><option value=\"cardiovascular\" >Cardiovascular<\/option><option value=\"depression\" >Depression<\/option><option value=\"diabetes\" >Diabetes<\/option><option value=\"dyslipidemia\" >Dyslipidemia<\/option><option value=\"dyslipidemia-cardiovascular\" >Dyslipidemia; Cardiovascular<\/option><option value=\"gynecology\" >Gynecology<\/option><option value=\"lupus\" >Lupus<\/option><option value=\"multiple-sclerosis\" >Multiple Sclerosis<\/option><option value=\"nephrology\" >Nephrology<\/option><option value=\"obesity\" >Obesity<\/option><option value=\"pediatria\" >Pediatria<\/option><option value=\"ronco\" >Ronco<\/option><option value=\"sleep-apnea\" >Sleep Apnea<\/option><option value=\"thyroid-eye-disease\" >Thyroid Eye Disease<\/option><option value=\"vacina\" >Vacina<\/option>                    <\/select>\n                <\/div>\n\n                <div class=\"filtro-col filtro-acoes\">\n                    <button type=\"submit\" class=\"btn-filtrar\">Filter<\/button>\n                    <a href=\"https:\/\/www.npcrs.com.br\/en\/pesquisa-clinica\/estudos\/\"\n                        class=\"btn-limpar\">Clear<\/a>\n                <\/div>\n            <\/div>\n        <\/form>\n    <\/div>\n    <script>\n        \/* JavaScript Fallback para garantia de aplica\u00e7\u00e3o - NPCRS Filtros v3.0.12.8 *\/\n        (function () {\n            function aplicarEstilosFiltros() {\n                if (window.innerWidth <= 1024) {\n                    var filtrosRow = document.querySelector(\".npcrs-filtros .filtros-row\");\n                    if (filtrosRow) {\n                        filtrosRow.style.display = \"block\";\n                        var cols = filtrosRow.querySelectorAll(\".filtro-col\");\n                        cols.forEach(function (col, index) {\n                            col.style.width = \"100%\";\n                            col.style.margin = \"0\";\n                            col.style.display = \"block\";\n                            if (index > 0) {\n                                col.style.marginTop = \"0.5rem\";\n                            }\n                        });\n                    }\n                }\n            }\n\n            if (document.readyState === \"loading\") {\n                document.addEventListener(\"DOMContentLoaded\", aplicarEstilosFiltros);\n            } else {\n                aplicarEstilosFiltros();\n            }\n\n            window.addEventListener(\"resize\", aplicarEstilosFiltros);\n        })();\n    <\/script>\n    <!-- [et_pb_line_break_holder] -->    <div class=\"npcrs-estudos-container\">\n                    <div class=\"estudos-count\">\n                <p><strong>208 studies found<\/strong><\/p>\n            <\/div>\n            <div class=\"estudos-grid\">\n                                        <article class=\"estudo-card normal status-recrutando\">\n        <header class=\"card-header\">\n            <span class=\"status-badge recrutando\">\n                Recruiting Volunteers            <\/span>\n            <span class=\"area-tag\">Vacina<\/span>\n        <\/header>\n        <div class=\"card-body\">\n            <h3 class=\"card-title\">Vacina da Dengue<\/h3>\n            <p class=\"card-excerpt\">Vacina da Dengue - Instituto Butantan<\/p>\n                    <\/div>\n        <footer class=\"card-footer\">\n                            <a href=\"https:\/\/www.npcrs.com.br\/en\/pesquisa-clinica\/seja-um-voluntario\/\" class=\"btn-primary\">\n                    Participate                <\/a>\n                <a href=\"https:\/\/www.npcrs.com.br\/en\/estudos\/dengue-butantan\/\" class=\"btn-secondary\">\n                    Learn More                <\/a>\n                    <\/footer>\n    <\/article>\n                                            <article class=\"estudo-card normal status-recrutando\">\n        <header class=\"card-header\">\n            <span class=\"status-badge recrutando\">\n                Recruiting Volunteers            <\/span>\n            <span class=\"area-tag\">Doen\u00e7a Ocular da Tire\u00f3ide<\/span>\n        <\/header>\n        <div class=\"card-body\">\n            <h3 class=\"card-title\">Doen\u00e7a Ocular da Tire\u00f3ide<\/h3>\n            <p class=\"card-excerpt\">Um estudo de varia\u00e7\u00e3o de dose para investigar a efic\u00e1cia e a seguran\u00e7a de TO...<\/p>\n                    <\/div>\n        <footer class=\"card-footer\">\n                            <a href=\"https:\/\/www.npcrs.com.br\/en\/pesquisa-clinica\/seja-um-voluntario\/\" class=\"btn-primary\">\n                    Participate                <\/a>\n                <a href=\"https:\/\/www.npcrs.com.br\/en\/estudos\/doenca-ocular-da-tireoide\/\" class=\"btn-secondary\">\n                    Learn More                <\/a>\n                    <\/footer>\n    <\/article>\n                                            <article class=\"estudo-card normal status-recrutando\">\n        <header class=\"card-header\">\n            <span class=\"status-badge recrutando\">\n                Recruiting Volunteers            <\/span>\n            <span class=\"area-tag\">Cardiovascular<\/span>\n        <\/header>\n        <div class=\"card-body\">\n            <h3 class=\"card-title\">Insufici\u00eancia Card\u00edaca<\/h3>\n            <p class=\"card-excerpt\">Os Estudos EASi-HF est\u00e3o tentando descobrir se a poss\u00edvel nova combina\u00e7\u00e3o de...<\/p>\n                    <\/div>\n        <footer class=\"card-footer\">\n                            <a href=\"https:\/\/www.npcrs.com.br\/en\/pesquisa-clinica\/seja-um-voluntario\/\" class=\"btn-primary\">\n                    Participate                <\/a>\n                <a href=\"https:\/\/www.npcrs.com.br\/en\/estudos\/easi-hf-0018\/\" class=\"btn-secondary\">\n                    Learn More                <\/a>\n                    <\/footer>\n    <\/article>\n                                            <article class=\"estudo-card normal status-recrutando\">\n        <header class=\"card-header\">\n            <span class=\"status-badge recrutando\">\n                Recruiting Volunteers            <\/span>\n            <span class=\"area-tag\">Esclerose M\u00faltipla<\/span>\n        <\/header>\n        <div class=\"card-body\">\n            <h3 class=\"card-title\">Esclerose M\u00faltipla para crian\u00e7as e Adolescentes<\/h3>\n            <p class=\"card-excerpt\">Estudo de grupo \u00fanico para avaliar os efeitos farmacocin\u00e9ticos e farmacodin\u00e2m...<\/p>\n                    <\/div>\n        <footer class=\"card-footer\">\n                            <a href=\"https:\/\/www.npcrs.com.br\/en\/pesquisa-clinica\/seja-um-voluntario\/\" class=\"btn-primary\">\n                    Participate                <\/a>\n                <a href=\"https:\/\/www.npcrs.com.br\/en\/estudos\/esclerose-multipla-para-criancas-e-adolescentes-202\/\" class=\"btn-secondary\">\n                    Learn More                <\/a>\n                    <\/footer>\n    <\/article>\n                                            <article class=\"estudo-card normal status-recrutando\">\n        <header class=\"card-header\">\n            <span class=\"status-badge recrutando\">\n                Recruiting Volunteers            <\/span>\n            <span class=\"area-tag\">Cardiovascular<\/span>\n        <\/header>\n        <div class=\"card-body\">\n            <h3 class=\"card-title\">Insufici\u00eancia Card\u00edaca<\/h3>\n            <p class=\"card-excerpt\">Um estudo para testar se o BI 690517 em associa\u00e7\u00e3o com empagliflozina ajuda pe...<\/p>\n                    <\/div>\n        <footer class=\"card-footer\">\n                            <a href=\"https:\/\/www.npcrs.com.br\/en\/pesquisa-clinica\/seja-um-voluntario\/\" class=\"btn-primary\">\n                    Participate                <\/a>\n                <a href=\"https:\/\/www.npcrs.com.br\/en\/estudos\/insuficiencia-cardiaca-198\/\" class=\"btn-secondary\">\n                    Learn More                <\/a>\n                    <\/footer>\n    <\/article>\n                                            <article class=\"estudo-card normal status-recrutando\">\n        <header class=\"card-header\">\n            <span class=\"status-badge recrutando\">\n                Recruiting Volunteers            <\/span>\n            <span class=\"area-tag\">Cardiovascular<\/span>\n        <\/header>\n        <div class=\"card-body\">\n            <h3 class=\"card-title\">Insufici\u00eancia Card\u00edaca<\/h3>\n            <p class=\"card-excerpt\">Ferro intravenoso comparado ao padr\u00e3o de tratamento isolado em participantes co...<\/p>\n                    <\/div>\n        <footer class=\"card-footer\">\n                            <a href=\"https:\/\/www.npcrs.com.br\/en\/pesquisa-clinica\/seja-um-voluntario\/\" class=\"btn-primary\">\n                    Participate                <\/a>\n                <a href=\"https:\/\/www.npcrs.com.br\/en\/estudos\/insuficiencia-cardiaca-197\/\" class=\"btn-secondary\">\n                    Learn More                <\/a>\n                    <\/footer>\n    <\/article>\n                                            <article class=\"estudo-card normal status-recrutando\">\n        <header class=\"card-header\">\n            <span class=\"status-badge recrutando\">\n                Recruiting Volunteers            <\/span>\n            <span class=\"area-tag\">Dislipidemia; Cardiovascular<\/span>\n        <\/header>\n        <div class=\"card-body\">\n            <h3 class=\"card-title\">Lipoprote\u00edna (a) Elevado<\/h3>\n            <p class=\"card-excerpt\">O estudo MOVE-Lp(a) observar\u00e1 se um medicamento experimental pode diminuir com ...<\/p>\n                    <\/div>\n        <footer class=\"card-footer\">\n                            <a href=\"https:\/\/www.npcrs.com.br\/en\/pesquisa-clinica\/seja-um-voluntario\/\" class=\"btn-primary\">\n                    Participate                <\/a>\n                <a href=\"https:\/\/www.npcrs.com.br\/en\/estudos\/j2o-mc-ekbg\/\" class=\"btn-secondary\">\n                    Learn More                <\/a>\n                    <\/footer>\n    <\/article>\n                                            <article class=\"estudo-card normal status-recrutando\">\n        <header class=\"card-header\">\n            <span class=\"status-badge recrutando\">\n                Recruiting Volunteers            <\/span>\n            <span class=\"area-tag\">L\u00fapus<\/span>\n        <\/header>\n        <div class=\"card-body\">\n            <h3 class=\"card-title\">L\u00fapus Eritematoso Cut\u00e2neo<\/h3>\n            <p class=\"card-excerpt\">ESTUDO CONT\u00cdNUO DE 2 PARTES PARTE A (FASE 2)\/PARTE B (FASE 3) E PARA AVALIAR A ...<\/p>\n                    <\/div>\n        <footer class=\"card-footer\">\n                            <a href=\"https:\/\/www.npcrs.com.br\/en\/pesquisa-clinica\/seja-um-voluntario\/\" class=\"btn-primary\">\n                    Participate                <\/a>\n                <a href=\"https:\/\/www.npcrs.com.br\/en\/estudos\/lupus-eritematoso-cutaneo\/\" class=\"btn-secondary\">\n                    Learn More                <\/a>\n                    <\/footer>\n    <\/article>\n                                            <article class=\"estudo-card normal status-recrutando\">\n        <header class=\"card-header\">\n            <span class=\"status-badge recrutando\">\n                Recruiting Volunteers            <\/span>\n            <span class=\"area-tag\">Cardiovascular<\/span>\n        <\/header>\n        <div class=\"card-body\">\n            <h3 class=\"card-title\">Doen\u00e7as Cardiovasculares (AVC ou Infarto)<\/h3>\n            <p class=\"card-excerpt\">Estudo MARITIME-CV para pessoas com uma doen\u00e7as cardiovascular e sobrepeso ou o...<\/p>\n                    <\/div>\n        <footer class=\"card-footer\">\n                            <a href=\"https:\/\/www.npcrs.com.br\/en\/pesquisa-clinica\/seja-um-voluntario\/\" class=\"btn-primary\">\n                    Participate                <\/a>\n                <a href=\"https:\/\/www.npcrs.com.br\/en\/estudos\/maritime-amgem-20220196\/\" class=\"btn-secondary\">\n                    Learn More                <\/a>\n                    <\/footer>\n    <\/article>\n                                            <article class=\"estudo-card normal status-recrutando\">\n        <header class=\"card-header\">\n            <span class=\"status-badge recrutando\">\n                Recruiting Volunteers            <\/span>\n            <span class=\"area-tag\">N\u00e3o informado<\/span>\n        <\/header>\n        <div class=\"card-body\">\n            <h3 class=\"card-title\">Transtorno Depressivo Maior<\/h3>\n            <p class=\"card-excerpt\">Foi diagnosticado com depress\u00e3o e ainda tendo sintomas mesmo com seu antidepres...<\/p>\n                    <\/div>\n        <footer class=\"card-footer\">\n                            <a href=\"https:\/\/www.npcrs.com.br\/en\/pesquisa-clinica\/seja-um-voluntario\/\" class=\"btn-primary\">\n                    Participate                <\/a>\n                <a href=\"https:\/\/www.npcrs.com.br\/en\/estudos\/oars-7\/\" class=\"btn-secondary\">\n                    Learn More                <\/a>\n                    <\/footer>\n    <\/article>\n                                            <article class=\"estudo-card normal status-recrutando\">\n        <header class=\"card-header\">\n            <span class=\"status-badge recrutando\">\n                Recruiting Volunteers            <\/span>\n            <span class=\"area-tag\">Cardiovascular<\/span>\n        <\/header>\n        <div class=\"card-body\">\n            <h3 class=\"card-title\">BRANCH-HF - Insufici\u00eancia Card\u00edaca<\/h3>\n            <p class=\"card-excerpt\">O ensaio cl\u00ednico de insufici\u00eancia card\u00edaca (BRANCH-HF) para avaliar se um med...<\/p>\n                    <\/div>\n        <footer class=\"card-footer\">\n                            <a href=\"https:\/\/www.npcrs.com.br\/en\/pesquisa-clinica\/seja-um-voluntario\/\" class=\"btn-primary\">\n                    Participate                <\/a>\n                <a href=\"https:\/\/www.npcrs.com.br\/en\/estudos\/pfizer-branch-hf\/\" class=\"btn-secondary\">\n                    Learn More                <\/a>\n                    <\/footer>\n    <\/article>\n                                            <article class=\"estudo-card normal status-recrutando\">\n        <header class=\"card-header\">\n            <span class=\"status-badge recrutando\">\n                Recruiting Volunteers            <\/span>\n            <span class=\"area-tag\">N\u00e3o informado<\/span>\n        <\/header>\n        <div class=\"card-body\">\n            <h3 class=\"card-title\">Hipertens\u00e3o n\u00e3o controlada<\/h3>\n            <p class=\"card-excerpt\">Voc\u00ea pode fazer parte da pesquisa mais recente sobre press\u00e3o alta. Conhe\u00e7a ho...<\/p>\n                    <\/div>\n        <footer class=\"card-footer\">\n                            <a href=\"https:\/\/www.npcrs.com.br\/en\/pesquisa-clinica\/seja-um-voluntario\/\" class=\"btn-primary\">\n                    Participate                <\/a>\n                <a href=\"https:\/\/www.npcrs.com.br\/en\/estudos\/zenith-has\/\" class=\"btn-secondary\">\n                    Learn More                <\/a>\n                    <\/footer>\n    <\/article>\n                                <\/div>\n            <div class=\"estudos-pagination\">\n                <span aria-current=\"page\" class=\"page-numbers current\">1<\/span>\n<a class=\"page-numbers\" href=\"https:\/\/www.npcrs.com.br\/en\/wp-json\/wp\/v2\/pages\/2962\/page\/2\/\">2<\/a>\n<a class=\"page-numbers\" href=\"https:\/\/www.npcrs.com.br\/en\/wp-json\/wp\/v2\/pages\/2962\/page\/3\/\">3<\/a>\n<span class=\"page-numbers dots\">&hellip;<\/span>\n<a class=\"page-numbers\" href=\"https:\/\/www.npcrs.com.br\/en\/wp-json\/wp\/v2\/pages\/2962\/page\/18\/\">18<\/a>\n<a class=\"next page-numbers\" href=\"https:\/\/www.npcrs.com.br\/en\/wp-json\/wp\/v2\/pages\/2962\/page\/2\/\">Next \u2192<\/a>            <\/div>\n            <\/div>\n    [\/et_pb_code][\/et_pb_column][\/et_pb_row][\/et_pb_section]<\/p>\n","protected":false},"excerpt":{"rendered":"<p>[et_pb_section fb_built=&#8221;1&#8243; fullwidth=&#8221;on&#8221; _builder_version=&#8221;4.27.4&#8243; _module_preset=&#8221;default&#8221; background_enable_color=&#8221;off&#8221; use_background_color_gradient=&#8221;on&#8221; background_color_gradient_stops=&#8221;rgba(20,120,196,0.85) 0%|rgba(20,120,196,0.85) 100%&#8221; background_color_gradient_overlays_image=&#8221;on&#8221; background_image=&#8221;https:\/\/www.npcrs.com.br\/wp-content\/uploads\/2025\/09\/dna-estudos.jpg&#8221; global_colors_info=&#8221;{}&#8221;][et_pb_fullwidth_header title=&#8221;Studies&#8221; _builder_version=&#8221;4.27.4&#8243; _module_preset=&#8221;default&#8221; title_font=&#8221;|700||on|||||&#8221; background_enable_color=&#8221;off&#8221; background_enable_image=&#8221;off&#8221; hover_enabled=&#8221;0&#8243; global_colors_info=&#8221;{}&#8221; sticky_enabled=&#8221;0&#8243;] Follow the research conducted by NPCRS. [\/et_pb_fullwidth_header][\/et_pb_section][et_pb_section fb_built=&#8221;1&#8243; _builder_version=&#8221;4.27.4&#8243; _module_preset=&#8221;default&#8221; custom_padding=&#8221;12px||12px||false|false&#8221; hover_enabled=&#8221;0&#8243; global_colors_info=&#8221;{}&#8221; sticky_enabled=&#8221;0&#8243;][et_pb_row _builder_version=&#8221;4.27.4&#8243; _module_preset=&#8221;default&#8221; hover_enabled=&#8221;0&#8243; global_colors_info=&#8221;{}&#8221; custom_padding=&#8221;2px||2px||false|false&#8221; sticky_enabled=&#8221;0&#8243;][et_pb_column type=&#8221;4_4&#8243; _builder_version=&#8221;4.27.4&#8243; _module_preset=&#8221;default&#8221; global_colors_info=&#8221;{}&#8221;][et_pb_code _builder_version=&#8221;4.27.4&#8243; _module_preset=&#8221;default&#8221; global_colors_info=&#8221;{}&#8221;][\/et_pb_code][\/et_pb_column][\/et_pb_row][\/et_pb_section]<\/p>\n","protected":false},"author":1,"featured_media":0,"parent":2988,"menu_order":0,"comment_status":"closed","ping_status":"closed","template":"","meta":{"_acf_changed":false,"_et_pb_use_builder":"on","_et_pb_old_content":"","_et_gb_content_width":"","_joinchat":[],"footnotes":""},"class_list":["post-2962","page","type-page","status-publish","hentry"],"acf":[],"_links":{"self":[{"href":"https:\/\/www.npcrs.com.br\/en\/wp-json\/wp\/v2\/pages\/2962","targetHints":{"allow":["GET"]}}],"collection":[{"href":"https:\/\/www.npcrs.com.br\/en\/wp-json\/wp\/v2\/pages"}],"about":[{"href":"https:\/\/www.npcrs.com.br\/en\/wp-json\/wp\/v2\/types\/page"}],"author":[{"embeddable":true,"href":"https:\/\/www.npcrs.com.br\/en\/wp-json\/wp\/v2\/users\/1"}],"replies":[{"embeddable":true,"href":"https:\/\/www.npcrs.com.br\/en\/wp-json\/wp\/v2\/comments?post=2962"}],"version-history":[{"count":2,"href":"https:\/\/www.npcrs.com.br\/en\/wp-json\/wp\/v2\/pages\/2962\/revisions"}],"predecessor-version":[{"id":2964,"href":"https:\/\/www.npcrs.com.br\/en\/wp-json\/wp\/v2\/pages\/2962\/revisions\/2964"}],"up":[{"embeddable":true,"href":"https:\/\/www.npcrs.com.br\/en\/wp-json\/wp\/v2\/pages\/2988"}],"wp:attachment":[{"href":"https:\/\/www.npcrs.com.br\/en\/wp-json\/wp\/v2\/media?parent=2962"}],"curies":[{"name":"wp","href":"https:\/\/api.w.org\/{rel}","templated":true}]}}