{"id":2866,"date":"2025-08-30T16:32:11","date_gmt":"2025-08-30T19:32:11","guid":{"rendered":"https:\/\/www.npcrs.com.br\/inicio\/"},"modified":"2025-11-04T10:54:55","modified_gmt":"2025-11-04T13:54:55","slug":"inicio","status":"publish","type":"page","link":"https:\/\/www.npcrs.com.br\/es\/","title":{"rendered":"Inicio"},"content":{"rendered":"<p>[et_pb_section fb_built=\u00bb1&#8243; fullwidth=\u00bbon\u00bb next_background_color=\u00bb#ffffff\u00bb _builder_version=\u00bb4.27.4&#8243; _module_preset=\u00bbdefault\u00bb background_color=\u00bb#2FC26E\u00bb use_background_color_gradient=\u00bbon\u00bb background_color_gradient_stops=\u00bbrgba(0,51,96,0.8) 0%|rgba(0,51,96,0.8) 100%\u00bb background_color_gradient_overlays_image=\u00bbon\u00bb background_image=\u00bbhttps:\/\/www.npcrs.com.br\/wp-content\/uploads\/2025\/09\/hero-3.jpg\u00bb min_height=\u00bb600px\u00bb bottom_divider_style=\u00bbasymmetric2&#8243; bottom_divider_height=\u00bb60px\u00bb bottom_divider_flip=\u00bbhorizontal\u00bb global_colors_info=\u00bb{}\u00bb][et_pb_fullwidth_header title=\u00bbLA INNOVACI\u00d3N COMIENZA AQU\u00cd\u00bb subhead=\u00bbEn NPCRS, la innovaci\u00f3n en salud ocurre con \u00e9tica, seguridad y excelencia cient\u00edfica.\u00bb button_one_text=\u00bbAcerca de los Estudios\u00bb button_one_url=\u00bb@ET-DC@eyJkeW5hbWljIjp0cnVlLCJjb250ZW50IjoicG9zdF9saW5rX3VybF9wYWdlIiwic2V0dGluZ3MiOnsicG9zdF9pZCI6IjEwMCJ9fQ==@\u00bb button_two_text=\u00bbSea un voluntario\u00bb button_two_url=\u00bb@ET-DC@eyJkeW5hbWljIjp0cnVlLCJjb250ZW50IjoicG9zdF9saW5rX3VybF9wYWdlIiwic2V0dGluZ3MiOnsicG9zdF9pZCI6IjExMiJ9fQ==@\u00bb _builder_version=\u00bb4.27.4&#8243; _dynamic_attributes=\u00bbbutton_one_url,button_two_url\u00bb _module_preset=\u00bbdefault\u00bb title_font=\u00bbMontserrat|800||on|||||\u00bb title_font_size=\u00bb46px\u00bb subhead_font=\u00bbMontserrat|500|||||||\u00bb subhead_font_size=\u00bb20px\u00bb background_color=\u00bbRGBA(255,255,255,0)\u00bb custom_button_one=\u00bbon\u00bb button_one_text_size=\u00bb16px\u00bb button_one_bg_color=\u00bb#1478C4&#8243; button_one_border_color=\u00bbRGBA(255,255,255,0)\u00bb button_one_font=\u00bbMontserrat|700||on|||||\u00bb custom_button_two=\u00bbon\u00bb button_two_text_size=\u00bb16px\u00bb button_two_bg_color=\u00bb#177c37&#8243; button_two_border_color=\u00bbRGBA(255,255,255,0)\u00bb button_two_font=\u00bbMontserrat|700||on|||||\u00bb custom_padding=\u00bb120px||||false|false\u00bb title_font_size_tablet=\u00bb46px\u00bb title_font_size_phone=\u00bb36px\u00bb title_font_size_last_edited=\u00bbon|phone\u00bb box_shadow_style_button_one=\u00bbpreset4&#8243; box_shadow_horizontal_button_one=\u00bb6px\u00bb box_shadow_vertical_button_one=\u00bb6px\u00bb box_shadow_style_button_two=\u00bbpreset4&#8243; box_shadow_horizontal_button_two=\u00bb6px\u00bb box_shadow_vertical_button_two=\u00bb6px\u00bb global_colors_info=\u00bb{}\u00bb][\/et_pb_fullwidth_header][\/et_pb_section][et_pb_section fb_built=\u00bb1&#8243; _builder_version=\u00bb4.27.4&#8243; _module_preset=\u00bbdefault\u00bb global_colors_info=\u00bb{}\u00bb][et_pb_row column_structure=\u00bb3_5,2_5&#8243; _builder_version=\u00bb4.27.4&#8243; _module_preset=\u00bbdefault\u00bb global_colors_info=\u00bb{}\u00bb][et_pb_column type=\u00bb3_5&#8243; _builder_version=\u00bb4.27.4&#8243; _module_preset=\u00bbdefault\u00bb global_colors_info=\u00bb{}\u00bb][et_pb_text _builder_version=\u00bb4.27.4&#8243; _module_preset=\u00bbdefault\u00bb text_text_color=\u00bb#111827&#8243; text_font_size=\u00bb16px\u00bb text_line_height=\u00bb1.8em\u00bb header_2_font=\u00bbMontserrat|800||on|||||\u00bb header_2_text_align=\u00bbcenter\u00bb header_2_text_color=\u00bb#1478C4&#8243; header_2_font_size=\u00bb30px\u00bb global_colors_info=\u00bb{}\u00bb]<\/p>\n<h2 style=\"text-align: left;\">ESTUDIOS EN CURSO<\/h2>\n<p data-start=\"270\" data-end=\"590\">Conducimos <strong data-start=\"291\" data-end=\"322\">investigaci\u00f3n cl\u00ednica de vanguardia<\/strong> en diversas especialidades m\u00e9dicas. Aqu\u00ed encontrar\u00e1 los estudios que est\u00e1n actualmente en curso, con \u00e9nfasis en aquellos abiertos al reclutamiento de voluntarios.<\/p>\n<p data-start=\"270\" data-end=\"590\">Cada investigaci\u00f3n se realiza con rigor cient\u00edfico, \u00e9tica y total seguridad para los participantes.<\/p>\n<p>[\/et_pb_text][et_pb_button button_url=\u00bb@ET-DC@eyJkeW5hbWljIjp0cnVlLCJjb250ZW50IjoicG9zdF9saW5rX3VybF9wYWdlIiwic2V0dGluZ3MiOnsicG9zdF9pZCI6IjkyIn19@\u00bb button_text=\u00bbVea los Estudios Activos\u00bb button_alignment=\u00bbleft\u00bb _builder_version=\u00bb4.27.4&#8243; _dynamic_attributes=\u00bbbutton_url\u00bb _module_preset=\u00bbdefault\u00bb custom_button=\u00bbon\u00bb button_text_size=\u00bb18px\u00bb button_border_color=\u00bbRGBA(255,255,255,0)\u00bb button_font=\u00bbMontserrat|700||on|||||\u00bb button_icon=\u00bb&#x35;||divi||400&#8243; button_icon_placement=\u00bbleft\u00bb box_shadow_style=\u00bbpreset4&#8243; box_shadow_horizontal=\u00bb8px\u00bb box_shadow_vertical=\u00bb8px\u00bb box_shadow_color=\u00bb#21B4C3&#8243; global_colors_info=\u00bb{}\u00bb][\/et_pb_button][\/et_pb_column][et_pb_column type=\u00bb2_5&#8243; _builder_version=\u00bb4.27.4&#8243; _module_preset=\u00bbdefault\u00bb global_colors_info=\u00bb{}\u00bb][\/et_pb_column][\/et_pb_row][\/et_pb_section][et_pb_section fb_built=\u00bb1&#8243; next_background_color=\u00bb#ffffff\u00bb _builder_version=\u00bb4.27.4&#8243; _module_preset=\u00bbdefault\u00bb use_background_color_gradient=\u00bbon\u00bb background_color_gradient_stops=\u00bbrgba(20,120,196,0.7) 0%|rgba(20,120,196,0.7) 100%\u00bb background_color_gradient_overlays_image=\u00bbon\u00bb background_image=\u00bbhttps:\/\/www.npcrs.com.br\/wp-content\/uploads\/2025\/09\/hero-2.jpg\u00bb custom_padding=\u00bb100px||100px||true|false\u00bb bottom_divider_style=\u00bbasymmetric2&#8243; bottom_divider_height=\u00bb60px\u00bb global_colors_info=\u00bb{}\u00bb][et_pb_row column_structure=\u00bb1_2,1_2&#8243; _builder_version=\u00bb4.27.4&#8243; _module_preset=\u00bbdefault\u00bb global_colors_info=\u00bb{}\u00bb][et_pb_column type=\u00bb1_2&#8243; _builder_version=\u00bb4.27.4&#8243; _module_preset=\u00bbdefault\u00bb global_colors_info=\u00bb{}\u00bb][et_pb_text _builder_version=\u00bb4.27.4&#8243; _module_preset=\u00bbdefault\u00bb text_text_color=\u00bb#F3F4F6&#8243; text_font_size=\u00bb16px\u00bb text_line_height=\u00bb1.8em\u00bb header_2_font=\u00bbMontserrat|800||on|||||\u00bb header_2_text_color=\u00bb#F3F4F6&#8243; header_2_font_size=\u00bb30px\u00bb global_colors_info=\u00bb{}\u00bb]<\/p>\n<h2>QUI\u00c9NES SOMOS<\/h2>\n<p>El Centro de Investigaci\u00f3n Cl\u00ednica de Rio Grande do Sul (NPCRS) es referencia en estudios cl\u00ednicos en Brasil, ofreciendo infraestructura moderna y un equipo altamente calificado para el cuidado de pacientes y el desarrollo de investigaciones innovadoras. Ubicado en Porto Alegre, el centro fue dise\u00f1ado para garantizar seguridad, \u00e9tica y excelencia en cada etapa de la investigaci\u00f3n.<\/p>\n<p>[\/et_pb_text][et_pb_button button_url=\u00bb@ET-DC@eyJkeW5hbWljIjp0cnVlLCJjb250ZW50IjoicG9zdF9saW5rX3VybF9wYWdlIiwic2V0dGluZ3MiOnsicG9zdF9pZCI6Ijk2In19@\u00bb button_text=\u00bbConozca m\u00e1s sobre NPCRS\u00bb _builder_version=\u00bb4.27.4&#8243; _dynamic_attributes=\u00bbbutton_url\u00bb _module_preset=\u00bbdefault\u00bb custom_button=\u00bbon\u00bb button_text_size=\u00bb18px\u00bb button_border_color=\u00bbRGBA(255,255,255,0)\u00bb button_font=\u00bbMontserrat|700||on|||||\u00bb button_icon=\u00bb&#x35;||divi||400&#8243; button_icon_placement=\u00bbleft\u00bb box_shadow_style=\u00bbpreset4&#8243; box_shadow_horizontal=\u00bb8px\u00bb box_shadow_vertical=\u00bb8px\u00bb box_shadow_color=\u00bb#21B4C3&#8243; global_colors_info=\u00bb{}\u00bb][\/et_pb_button][\/et_pb_column][et_pb_column type=\u00bb1_2&#8243; _builder_version=\u00bb4.27.4&#8243; _module_preset=\u00bbdefault\u00bb background_enable_image=\u00bboff\u00bb global_colors_info=\u00bb{}\u00bb][et_pb_image src=\u00bbhttps:\/\/www.npcrs.com.br\/wp-content\/uploads\/2025\/09\/npcrs-recepcao-02-1024&#215;684-1.jpg\u00bb title_text=\u00bbnpcrs-recepcao-02-1024&#215;684&#8243; align_tablet=\u00bb\u00bb align_phone=\u00bbcenter\u00bb align_last_edited=\u00bbon|phone\u00bb _builder_version=\u00bb4.27.4&#8243; _module_preset=\u00bbdefault\u00bb animation_style=\u00bbslide\u00bb border_radii=\u00bbon|10px|10px|10px|10px\u00bb box_shadow_style=\u00bbpreset3&#8243; box_shadow_color=\u00bb#9CA3AF\u00bb global_colors_info=\u00bb{}\u00bb][\/et_pb_image][\/et_pb_column][\/et_pb_row][\/et_pb_section][et_pb_section fb_built=\u00bb1&#8243; _builder_version=\u00bb4.27.4&#8243; _module_preset=\u00bbdefault\u00bb background_enable_color=\u00bboff\u00bb custom_padding=\u00bb100px||100px||true|false\u00bb global_colors_info=\u00bb{}\u00bb][et_pb_row _builder_version=\u00bb4.27.4&#8243; _module_preset=\u00bbdefault\u00bb global_colors_info=\u00bb{}\u00bb][et_pb_column type=\u00bb4_4&#8243; _builder_version=\u00bb4.27.4&#8243; _module_preset=\u00bbdefault\u00bb global_colors_info=\u00bb{}\u00bb][et_pb_text _builder_version=\u00bb4.27.4&#8243; _module_preset=\u00bbdefault\u00bb text_text_color=\u00bb#111827&#8243; text_font_size=\u00bb16px\u00bb text_line_height=\u00bb1.8em\u00bb header_2_font=\u00bbMontserrat|800||on|||||\u00bb header_2_text_align=\u00bbcenter\u00bb header_2_text_color=\u00bb#1478C4&#8243; header_2_font_size=\u00bb30px\u00bb global_colors_info=\u00bb{}\u00bb]<\/p>\n<h2 style=\"text-align: center;\">NUESTRAS ESPECIALIDADES<\/h2>\n<p style=\"text-align: center;\">El NPCRS conduce investigaci\u00f3n cl\u00ednica en diferentes \u00e1reas de la salud, siempre con enfoque en innovaci\u00f3n, \u00e9tica y resultados que beneficien a pacientes y sociedad. Cada especialidad cuenta con profesionales experimentados y estudios orientados a necesidades espec\u00edficas de cuidado.<\/p>\n<p>[\/et_pb_text][et_pb_button button_url=\u00bb@ET-DC@eyJkeW5hbWljIjp0cnVlLCJjb250ZW50IjoicG9zdF9saW5rX3VybF9wYWdlIiwic2V0dGluZ3MiOnsicG9zdF9pZCI6IjEwMiJ9fQ==@\u00bb button_text=\u00bbVea todas las especialidades\u00bb button_alignment=\u00bbcenter\u00bb _builder_version=\u00bb4.27.4&#8243; _dynamic_attributes=\u00bbbutton_url\u00bb _module_preset=\u00bbdefault\u00bb custom_button=\u00bbon\u00bb button_text_size=\u00bb18px\u00bb button_border_color=\u00bbRGBA(255,255,255,0)\u00bb button_font=\u00bbMontserrat|700||on|||||\u00bb button_icon=\u00bb&#x35;||divi||400&#8243; button_icon_placement=\u00bbleft\u00bb box_shadow_style=\u00bbpreset4&#8243; box_shadow_horizontal=\u00bb8px\u00bb box_shadow_vertical=\u00bb8px\u00bb box_shadow_color=\u00bb#21B4C3&#8243; global_colors_info=\u00bb{}\u00bb][\/et_pb_button][\/et_pb_column][\/et_pb_row][\/et_pb_section][et_pb_section fb_built=\u00bb1&#8243; prev_background_color=\u00bb#ffffff\u00bb next_background_color=\u00bbRGBA(255,255,255,0)\u00bb _builder_version=\u00bb4.27.4&#8243; _module_preset=\u00bbdefault\u00bb use_background_color_gradient=\u00bbon\u00bb background_color_gradient_stops=\u00bbrgba(0,60,107,0.54) 0%|rgba(20,120,196,0.45) 100%\u00bb background_color_gradient_overlays_image=\u00bbon\u00bb background_image=\u00bbhttps:\/\/www.npcrs.com.br\/wp-content\/uploads\/2025\/09\/hero-8.jpg\u00bb top_divider_style=\u00bbtriangle\u00bb top_divider_height=\u00bb40px\u00bb top_divider_flip=\u00bbvertical\u00bb bottom_divider_style=\u00bbasymmetric3&#8243; bottom_divider_height=\u00bb60px\u00bb global_colors_info=\u00bb{}\u00bb][et_pb_row column_structure=\u00bb1_2,1_2&#8243; _builder_version=\u00bb4.27.4&#8243; _module_preset=\u00bbdefault\u00bb global_colors_info=\u00bb{}\u00bb][et_pb_column type=\u00bb1_2&#8243; _builder_version=\u00bb4.27.4&#8243; _module_preset=\u00bbdefault\u00bb global_colors_info=\u00bb{}\u00bb][et_pb_text _builder_version=\u00bb4.27.4&#8243; _module_preset=\u00bbdefault\u00bb text_text_color=\u00bb#F3F4F6&#8243; text_font_size=\u00bb16px\u00bb text_line_height=\u00bb1.8em\u00bb header_2_font=\u00bbMontserrat|800||on|||||\u00bb header_2_text_color=\u00bb#F3F4F6&#8243; header_2_font_size=\u00bb30px\u00bb global_colors_info=\u00bb{}\u00bb]<\/p>\n<h2>PROFESIONALES<\/h2>\n<p>Nuestro equipo est\u00e1 formado por m\u00e9dicos e investigadores con amplia experiencia en investigaci\u00f3n cl\u00ednica, actuando en diversas especialidades y conduciendo estudios de impacto internacional. Cada profesional combina conocimiento cient\u00edfico, \u00e9tica y dedicaci\u00f3n al cuidado de los pacientes.<\/p>\n<p>[\/et_pb_text][et_pb_button button_url=\u00bb@ET-DC@eyJkeW5hbWljIjp0cnVlLCJjb250ZW50IjoicG9zdF9saW5rX3VybF9wYWdlIiwic2V0dGluZ3MiOnsicG9zdF9pZCI6IjEwNCJ9fQ==@\u00bb button_text=\u00bbConozca nuestros profesionales\u00bb _builder_version=\u00bb4.27.4&#8243; _dynamic_attributes=\u00bbbutton_url\u00bb _module_preset=\u00bbdefault\u00bb custom_button=\u00bbon\u00bb button_text_size=\u00bb18px\u00bb button_border_color=\u00bbRGBA(255,255,255,0)\u00bb button_font=\u00bbMontserrat|700||on|||||\u00bb button_icon=\u00bb&#x35;||divi||400&#8243; button_icon_placement=\u00bbleft\u00bb box_shadow_style=\u00bbpreset4&#8243; box_shadow_horizontal=\u00bb8px\u00bb box_shadow_vertical=\u00bb8px\u00bb box_shadow_color=\u00bb#21B4C3&#8243; global_colors_info=\u00bb{}\u00bb][\/et_pb_button][\/et_pb_column][et_pb_column type=\u00bb1_2&#8243; _builder_version=\u00bb4.27.4&#8243; _module_preset=\u00bbdefault\u00bb background_enable_image=\u00bboff\u00bb global_colors_info=\u00bb{}\u00bb][et_pb_image src=\u00bbhttps:\/\/www.npcrs.com.br\/wp-content\/uploads\/2025\/09\/clinica-1.jpg\u00bb title_text=\u00bbclinica-1&#8243; _builder_version=\u00bb4.27.4&#8243; _module_preset=\u00bbdefault\u00bb animation_style=\u00bbslide\u00bb border_radii=\u00bbon|10px|10px|10px|10px\u00bb box_shadow_style=\u00bbpreset3&#8243; box_shadow_color=\u00bb#9CA3AF\u00bb global_colors_info=\u00bb{}\u00bb][\/et_pb_image][\/et_pb_column][\/et_pb_row][\/et_pb_section][et_pb_section fb_built=\u00bb1&#8243; _builder_version=\u00bb4.27.4&#8243; _module_preset=\u00bbdefault\u00bb background_color=\u00bbRGBA(255,255,255,0)\u00bb custom_padding=\u00bb||30px|||\u00bb global_colors_info=\u00bb{}\u00bb][et_pb_row column_structure=\u00bb2_3,1_3&#8243; _builder_version=\u00bb4.27.4&#8243; _module_preset=\u00bbdefault\u00bb global_colors_info=\u00bb{}\u00bb][et_pb_column type=\u00bb2_3&#8243; _builder_version=\u00bb4.27.4&#8243; _module_preset=\u00bbdefault\u00bb global_colors_info=\u00bb{}\u00bb][et_pb_text _builder_version=\u00bb4.27.4&#8243; _module_preset=\u00bbdefault\u00bb text_text_color=\u00bb#111827&#8243; text_font_size=\u00bb16px\u00bb text_line_height=\u00bb1.8em\u00bb header_2_font=\u00bbMontserrat|800||on|||||\u00bb header_2_text_align=\u00bbcenter\u00bb header_2_text_color=\u00bb#1478C4&#8243; header_2_font_size=\u00bb30px\u00bb global_colors_info=\u00bb{}\u00bb]<\/p>\n<h2 style=\"text-align: left;\">SOCIOS NPCRS<\/h2>\n<p>[\/et_pb_text][\/et_pb_column][et_pb_column type=\u00bb1_3&#8243; _builder_version=\u00bb4.27.4&#8243; _module_preset=\u00bbdefault\u00bb global_colors_info=\u00bb{}\u00bb][\/et_pb_column][\/et_pb_row][et_pb_row column_structure=\u00bb1_4,1_4,1_4,1_4&#8243; _builder_version=\u00bb4.27.4&#8243; _module_preset=\u00bbdefault\u00bb global_colors_info=\u00bb{}\u00bb global_module=\u00bb2722&#8243; theme_builder_area=\u00bbpost_content\u00bb][et_pb_column type=\u00bb1_4&#8243; _builder_version=\u00bb4.27.4&#8243; _module_preset=\u00bbdefault\u00bb global_colors_info=\u00bb{}\u00bb theme_builder_area=\u00bbpost_content\u00bb][et_pb_image src=\u00bbhttps:\/\/www.npcrs.com.br\/wp-content\/uploads\/2025\/09\/parceiro-hcpa.jpg\u00bb title_text=\u00bbparceiro-hcpa\u00bb src_tablet=\u00bbhttps:\/\/www.npcrs.com.br\/wp-content\/uploads\/2025\/09\/parceiro-hcpa.jpg\u00bb src_phone=\u00bbhttps:\/\/www.npcrs.com.br\/wp-content\/uploads\/2025\/09\/parceiro-hcpa.jpg\u00bb src_last_edited=\u00bbon|phone\u00bb _builder_version=\u00bb4.27.4&#8243; _module_preset=\u00bbdefault\u00bb max_height=\u00bb120px\u00bb global_colors_info=\u00bb{}\u00bb theme_builder_area=\u00bbpost_content\u00bb][\/et_pb_image][et_pb_image src=\u00bbhttps:\/\/www.npcrs.com.br\/wp-content\/uploads\/2025\/09\/parceiro-clinoson.png\u00bb title_text=\u00bbparceiro-clinoson\u00bb _builder_version=\u00bb4.27.4&#8243; _module_preset=\u00bbdefault\u00bb max_height_tablet=\u00bb\u00bb max_height_phone=\u00bb120px\u00bb max_height_last_edited=\u00bbon|desktop\u00bb global_colors_info=\u00bb{}\u00bb theme_builder_area=\u00bbpost_content\u00bb][\/et_pb_image][\/et_pb_column][et_pb_column type=\u00bb1_4&#8243; _builder_version=\u00bb4.27.4&#8243; _module_preset=\u00bbdefault\u00bb global_colors_info=\u00bb{}\u00bb theme_builder_area=\u00bbpost_content\u00bb][et_pb_image src=\u00bbhttps:\/\/www.npcrs.com.br\/wp-content\/uploads\/2025\/09\/parceiro-laboratorio-montserrat.jpg\u00bb title_text=\u00bbparceiro-laboratorio-montserrat\u00bb _builder_version=\u00bb4.27.4&#8243; _module_preset=\u00bbdefault\u00bb max_height_tablet=\u00bb\u00bb max_height_phone=\u00bb120px\u00bb max_height_last_edited=\u00bbon|phone\u00bb global_colors_info=\u00bb{}\u00bb theme_builder_area=\u00bbpost_content\u00bb][\/et_pb_image][et_pb_image src=\u00bbhttps:\/\/www.npcrs.com.br\/wp-content\/uploads\/2025\/10\/parceiro-clinica-lavinsky.png\u00bb title_text=\u00bbparceiro-clinica-lavinsky\u00bb _builder_version=\u00bb4.27.4&#8243; _module_preset=\u00bbdefault\u00bb max_height_tablet=\u00bb\u00bb max_height_phone=\u00bb120px\u00bb max_height_last_edited=\u00bbon|phone\u00bb global_colors_info=\u00bb{}\u00bb theme_builder_area=\u00bbpost_content\u00bb][\/et_pb_image][\/et_pb_column][et_pb_column type=\u00bb1_4&#8243; _builder_version=\u00bb4.27.4&#8243; _module_preset=\u00bbdefault\u00bb global_colors_info=\u00bb{}\u00bb theme_builder_area=\u00bbpost_content\u00bb][et_pb_image src=\u00bbhttps:\/\/www.npcrs.com.br\/wp-content\/uploads\/2025\/09\/parceiro-neuroclinicas.png\u00bb title_text=\u00bbparceiro-neuroclinicas\u00bb _builder_version=\u00bb4.27.4&#8243; _module_preset=\u00bbdefault\u00bb max_height_tablet=\u00bb\u00bb max_height_phone=\u00bb120px\u00bb max_height_last_edited=\u00bbon|phone\u00bb global_colors_info=\u00bb{}\u00bb theme_builder_area=\u00bbpost_content\u00bb][\/et_pb_image][et_pb_image src=\u00bbhttps:\/\/www.npcrs.com.br\/wp-content\/uploads\/2025\/10\/parceiro-hmv.png\u00bb title_text=\u00bbparceiro-hmv\u00bb _builder_version=\u00bb4.27.4&#8243; _module_preset=\u00bbdefault\u00bb max_height_tablet=\u00bb\u00bb max_height_phone=\u00bb120px\u00bb max_height_last_edited=\u00bbon|phone\u00bb global_colors_info=\u00bb{}\u00bb theme_builder_area=\u00bbpost_content\u00bb][\/et_pb_image][\/et_pb_column][et_pb_column type=\u00bb1_4&#8243; _builder_version=\u00bb4.27.4&#8243; _module_preset=\u00bbdefault\u00bb global_colors_info=\u00bb{}\u00bb theme_builder_area=\u00bbpost_content\u00bb][et_pb_image src=\u00bbhttps:\/\/www.npcrs.com.br\/wp-content\/uploads\/2025\/09\/parceiro-weinmann-1.png\u00bb title_text=\u00bbparceiro-weinmann\u00bb _builder_version=\u00bb4.27.4&#8243; _module_preset=\u00bbdefault\u00bb max_height_tablet=\u00bb\u00bb max_height_phone=\u00bb120px\u00bb max_height_last_edited=\u00bbon|phone\u00bb global_colors_info=\u00bb{}\u00bb theme_builder_area=\u00bbpost_content\u00bb][\/et_pb_image][\/et_pb_column][\/et_pb_row][\/et_pb_section][et_pb_section fb_built=\u00bb1&#8243; fullwidth=\u00bbon\u00bb _builder_version=\u00bb4.27.4&#8243; _module_preset=\u00bbdefault\u00bb background_enable_color=\u00bboff\u00bb background_enable_image=\u00bboff\u00bb global_module=\u00bb1666&#8243; saved_tabs=\u00bball\u00bb global_colors_info=\u00bb{}\u00bb][et_pb_fullwidth_slider _builder_version=\u00bb4.27.4&#8243; _module_preset=\u00bbdefault\u00bb header_font=\u00bbMontserrat|800|||||||\u00bb header_text_align=\u00bbcenter\u00bb body_text_align=\u00bbleft\u00bb body_font_size=\u00bb16px\u00bb background_enable_color=\u00bboff\u00bb use_background_color_gradient=\u00bbon\u00bb background_color_gradient_stops=\u00bbrgba(7,69,127,0.75) 0%|rgba(7,69,127,0.75) 100%\u00bb background_color_gradient_overlays_image=\u00bbon\u00bb background_image=\u00bbhttps:\/\/www.npcrs.com.br\/wp-content\/uploads\/2025\/09\/voluntario-2.jpg\u00bb custom_button=\u00bbon\u00bb button_text_size=\u00bb18px\u00bb button_text_color=\u00bb#F3F4F6&#8243; button_bg_color=\u00bb#1478C4&#8243; button_border_color=\u00bbRGBA(255,255,255,0)\u00bb button_border_radius=\u00bb8px\u00bb button_font=\u00bbMontserrat|||on|||||\u00bb button_icon=\u00bb&#xe101;||divi||400&#8243; button_icon_placement=\u00bbleft\u00bb button_on_hover=\u00bboff\u00bb box_shadow_style_button=\u00bbpreset3&#8243; box_shadow_vertical_button=\u00bb10px\u00bb box_shadow_blur_button=\u00bb14px\u00bb box_shadow_color_button=\u00bbrgba(17,24,39,0.59)\u00bb global_colors_info=\u00bb{}\u00bb][et_pb_slide heading=\u00bbSea un voluntario\u00bb button_text=\u00bbQuiero Participar\u00bb button_link=\u00bb@ET-DC@eyJkeW5hbWljIjp0cnVlLCJjb250ZW50IjoicG9zdF9saW5rX3VybF9wYWdlIiwic2V0dGluZ3MiOnsicG9zdF9pZCI6IjExMiJ9fQ==@\u00bb _builder_version=\u00bb4.27.4&#8243; _dynamic_attributes=\u00bbbutton_link\u00bb _module_preset=\u00bbdefault\u00bb header_text_align=\u00bbcenter\u00bb body_text_align=\u00bbcenter\u00bb text_orientation=\u00bbcenter\u00bb global_colors_info=\u00bb{}\u00bb sticky_transition=\u00bbon\u00bb]Participe en estudios cl\u00ednicos que contribuyen al avance de la ciencia y ayudan a transformar vidas. Su participaci\u00f3n hace la diferencia.[\/et_pb_slide][\/et_pb_fullwidth_slider][\/et_pb_section]<\/p>\n","protected":false},"excerpt":{"rendered":"<p>ESTUDIOS EN CURSO Conducimos investigaci\u00f3n cl\u00ednica de vanguardia en diversas especialidades m\u00e9dicas. Aqu\u00ed encontrar\u00e1 los estudios que est\u00e1n actualmente en curso, con \u00e9nfasis en aquellos abiertos al reclutamiento de voluntarios. Cada investigaci\u00f3n se realiza con rigor cient\u00edfico, \u00e9tica y total seguridad para los participantes.QUI\u00c9NES SOMOS El Centro de Investigaci\u00f3n Cl\u00ednica de Rio Grande do Sul [&hellip;]<\/p>\n","protected":false},"author":1,"featured_media":0,"parent":0,"menu_order":0,"comment_status":"closed","ping_status":"closed","template":"","meta":{"_acf_changed":false,"_et_pb_use_builder":"on","_et_pb_old_content":"","_et_gb_content_width":"","_joinchat":[],"footnotes":""},"class_list":["post-2866","page","type-page","status-publish","hentry"],"acf":[],"_links":{"self":[{"href":"https:\/\/www.npcrs.com.br\/es\/wp-json\/wp\/v2\/pages\/2866","targetHints":{"allow":["GET"]}}],"collection":[{"href":"https:\/\/www.npcrs.com.br\/es\/wp-json\/wp\/v2\/pages"}],"about":[{"href":"https:\/\/www.npcrs.com.br\/es\/wp-json\/wp\/v2\/types\/page"}],"author":[{"embeddable":true,"href":"https:\/\/www.npcrs.com.br\/es\/wp-json\/wp\/v2\/users\/1"}],"replies":[{"embeddable":true,"href":"https:\/\/www.npcrs.com.br\/es\/wp-json\/wp\/v2\/comments?post=2866"}],"version-history":[{"count":2,"href":"https:\/\/www.npcrs.com.br\/es\/wp-json\/wp\/v2\/pages\/2866\/revisions"}],"predecessor-version":[{"id":2868,"href":"https:\/\/www.npcrs.com.br\/es\/wp-json\/wp\/v2\/pages\/2866\/revisions\/2868"}],"wp:attachment":[{"href":"https:\/\/www.npcrs.com.br\/es\/wp-json\/wp\/v2\/media?parent=2866"}],"curies":[{"name":"wp","href":"https:\/\/api.w.org\/{rel}","templated":true}]}}