{"id":2869,"date":"2025-08-30T16:35:49","date_gmt":"2025-08-30T19:35:49","guid":{"rendered":"https:\/\/www.npcrs.com.br\/estructura\/"},"modified":"2025-11-05T12:05:44","modified_gmt":"2025-11-05T15:05:44","slug":"estructura","status":"publish","type":"page","link":"https:\/\/www.npcrs.com.br\/es\/investigacion-clinica\/estructura\/","title":{"rendered":"ESTRUCTURA"},"content":{"rendered":"<p>[et_pb_section fb_built=\u00bb1&#8243; fullwidth=\u00bbon\u00bb _builder_version=\u00bb4.27.4&#8243; _module_preset=\u00bbdefault\u00bb background_enable_color=\u00bboff\u00bb use_background_color_gradient=\u00bbon\u00bb background_color_gradient_stops=\u00bbrgba(20,120,196,0.85) 0%|rgba(20,120,196,0.85) 100%\u00bb background_color_gradient_overlays_image=\u00bbon\u00bb background_image=\u00bbhttps:\/\/www.npcrs.com.br\/wp-content\/uploads\/2025\/09\/dna-estudos.jpg\u00bb global_colors_info=\u00bb{}\u00bb][et_pb_fullwidth_header title=\u00bbESTRUCTURA\u00bb _builder_version=\u00bb4.27.4&#8243; _module_preset=\u00bbdefault\u00bb title_font=\u00bb|700||on|||||\u00bb background_enable_color=\u00bboff\u00bb background_enable_image=\u00bboff\u00bb global_colors_info=\u00bb{}\u00bb]<\/p>\n<p>Seguridad, confort y eficiencia en cada etapa de la investigaci\u00f3n cl\u00ednica.<\/p>\n<p>[\/et_pb_fullwidth_header][\/et_pb_section][et_pb_section fb_built=\u00bb1&#8243; _builder_version=\u00bb4.27.4&#8243; _module_preset=\u00bbdefault\u00bb custom_padding=\u00bb||30px|||\u00bb global_colors_info=\u00bb{}\u00bb][et_pb_row _builder_version=\u00bb4.27.4&#8243; _module_preset=\u00bbdefault\u00bb global_colors_info=\u00bb{}\u00bb][et_pb_column type=\u00bb4_4&#8243; _builder_version=\u00bb4.27.4&#8243; _module_preset=\u00bbdefault\u00bb global_colors_info=\u00bb{}\u00bb][et_pb_text _builder_version=\u00bb4.27.4&#8243; _module_preset=\u00bbdefault\u00bb custom_padding=\u00bb||0px|||\u00bb global_colors_info=\u00bb{}\u00bb]<\/p>\n<p data-start=\"327\" data-end=\"502\">Nuestro centro de investigaci\u00f3n cuenta con una infraestructura moderna y completa, preparada para garantizar confort a los voluntarios, eficiencia para el equipo y seguridad en todas las etapas de las investigaciones cl\u00ednicas.<\/p>\n<p>[\/et_pb_text][et_pb_divider _builder_version=\u00bb4.27.4&#8243; _module_preset=\u00bbdefault\u00bb global_colors_info=\u00bb{}\u00bb][\/et_pb_divider][\/et_pb_column][\/et_pb_row][et_pb_row column_structure=\u00bb3_4,1_4&#8243; _builder_version=\u00bb4.27.4&#8243; _module_preset=\u00bbdefault\u00bb global_colors_info=\u00bb{}\u00bb][et_pb_column type=\u00bb3_4&#8243; _builder_version=\u00bb4.27.4&#8243; _module_preset=\u00bbdefault\u00bb global_colors_info=\u00bb{}\u00bb][et_pb_text _builder_version=\u00bb4.27.4&#8243; _module_preset=\u00bbdefault\u00bb global_colors_info=\u00bb{}\u00bb]<\/p>\n<p><strong>Recepci\u00f3n y Acogida<\/strong><\/p>\n<ul>\n<li>Amplia sala de espera y secretar\u00eda para atenci\u00f3n inicial.<\/li>\n<\/ul>\n<p><strong>Consultorios Equipados<\/strong><\/p>\n<ul>\n<li>Cuatro consultorios destinados a las consultas y evaluaciones cl\u00ednicas, equipados con balanzas, escalas antropom\u00e9tricas, term\u00f3metros y esfigmoman\u00f3metros certificados por IMETRO.<\/li>\n<\/ul>\n<p><strong>Sala de Recolecci\u00f3n y Procesamiento<\/strong><\/p>\n<ul>\n<li>Espacio exclusivo para recolecci\u00f3n de material biol\u00f3gico, preparaci\u00f3n y acondicionamiento para embarque, con dos ba\u00f1os destinados a los pacientes.<\/li>\n<\/ul>\n<p><strong>Sala de Procedimientos<\/strong><\/p>\n<ul>\n<li>Ambiente equipado para ex\u00e1menes como ECG y EEG, con aparatos modernos y calibrados.<\/li>\n<\/ul>\n<p><strong>Farmacia con Acceso Restringido<\/strong><\/p>\n<ul>\n<li>Refrigeradores (+2 \u00baC a +8 \u00baC) con monitoreo continuo y sistema contra cortes de energ\u00eda.<\/li>\n<li>Congelador (-20 \u00baC) y armarios con llave para medicaciones a temperatura ambiente.<\/li>\n<li>Control remoto de temperatura y humedad, con alarmas de seguridad.<\/li>\n<\/ul>\n<p><strong>Sala de Monitoreo<\/strong><\/p>\n<ul>\n<li>Capacidad para recibir hasta seis monitores simult\u00e1neamente.<\/li>\n<\/ul>\n<p><strong>\u00c1rea de Infusi\u00f3n de Medicamentos<\/strong><\/p>\n<ul>\n<li>Ambiente seguro y supervisado para administraci\u00f3n de tratamientos.<\/li>\n<\/ul>\n<p><strong>Emergencia y Soporte<\/strong><\/p>\n<ul>\n<li>Carro equipado para emergencias completo para atenciones inmediatas.<\/li>\n<\/ul>\n<p><strong>\u00c1reas de Apoyo<\/strong><\/p>\n<ul>\n<li>Espacio para que los pacientes descansen, completen cuestionarios y reciban entrenamientos.<\/li>\n<li>Despensa para el equipo profesional.<\/li>\n<li>\u00c1rea de trabajo para coordinadores de investigaci\u00f3n, archivos y dep\u00f3sito de material.<\/li>\n<\/ul>\n<p><strong>Salas de Reuniones<\/strong><\/p>\n<ul>\n<li>Sala propia para hasta diez personas, equipada para audio y videoconferencia.<\/li>\n<li>Espacio adicional de uso com\u00fan en el edificio, disponible para entrenamientos de equipo y reuniones con grupos de pacientes.<\/li>\n<\/ul>\n<p>[\/et_pb_text][\/et_pb_column][et_pb_column type=\u00bb1_4&#8243; _builder_version=\u00bb4.27.4&#8243; _module_preset=\u00bbdefault\u00bb global_colors_info=\u00bb{}\u00bb][\/et_pb_column][\/et_pb_row][et_pb_row column_structure=\u00bb1_3,1_3,1_3&#8243; _builder_version=\u00bb4.27.4&#8243; _module_preset=\u00bbdefault\u00bb global_colors_info=\u00bb{}\u00bb][et_pb_column type=\u00bb1_3&#8243; _builder_version=\u00bb4.27.4&#8243; _module_preset=\u00bbdefault\u00bb global_colors_info=\u00bb{}\u00bb][et_pb_text _builder_version=\u00bb4.27.4&#8243; _module_preset=\u00bbdefault\u00bb global_colors_info=\u00bb{}\u00bb]<\/p>\n<h3>Edificio<\/h3>\n<p>Ubicaci\u00f3n central, moderna y accesible para todos los pacientes.<\/p>\n<p>[\/et_pb_text][et_pb_gallery gallery_ids=\u00bb2870,2871,2872,2873,2874,2875,2876,2877&#8243; fullwidth=\u00bbon\u00bb module_class=\u00bbgaleria-300&#215;200&#8243; _builder_version=\u00bb4.27.4&#8243; _module_preset=\u00bbdefault\u00bb custom_padding=\u00bb||0px|||\u00bb hover_enabled=\u00bb0&#8243; border_radii=\u00bbon|8px|8px|8px|8px\u00bb border_color_all_image=\u00bbRGBA(255,255,255,0)\u00bb global_colors_info=\u00bb{}\u00bb sticky_enabled=\u00bb0&#8243;][\/et_pb_gallery][\/et_pb_column][et_pb_column type=\u00bb1_3&#8243; _builder_version=\u00bb4.27.4&#8243; _module_preset=\u00bbdefault\u00bb global_colors_info=\u00bb{}\u00bb][et_pb_text _builder_version=\u00bb4.27.4&#8243; _module_preset=\u00bbdefault\u00bb global_colors_info=\u00bb{}\u00bb]<\/p>\n<h3>Recepci\u00f3n<\/h3>\n<p>Atenci\u00f3n acogedora y \u00e1gil para un inicio tranquilo de su jornada.<\/p>\n<p>[\/et_pb_text][et_pb_gallery gallery_ids=\u00bb2878,2879,2880,2881,2882,2883&#8243; fullwidth=\u00bbon\u00bb module_class=\u00bbgaleria-300&#215;200&#8243; _builder_version=\u00bb4.27.4&#8243; _module_preset=\u00bbdefault\u00bb custom_padding=\u00bb0px||0px||false|false\u00bb border_radii=\u00bbon|8px|8px|8px|8px\u00bb border_color_all_image=\u00bbRGBA(255,255,255,0)\u00bb global_colors_info=\u00bb{}\u00bb][\/et_pb_gallery][\/et_pb_column][et_pb_column type=\u00bb1_3&#8243; _builder_version=\u00bb4.27.4&#8243; _module_preset=\u00bbdefault\u00bb global_colors_info=\u00bb{}\u00bb][et_pb_text _builder_version=\u00bb4.27.4&#8243; _module_preset=\u00bbdefault\u00bb global_colors_info=\u00bb{}\u00bb]<\/p>\n<h3>Consultorios<\/h3>\n<p>Ambientes equipados y certificados para consultas seguras y precisas.<\/p>\n<p>[\/et_pb_text][et_pb_gallery gallery_ids=\u00bb2884,2885,2886,2887,2888,2889,2890&#8243; fullwidth=\u00bbon\u00bb module_class=\u00bbgaleria-300&#215;200&#8243; _builder_version=\u00bb4.27.4&#8243; _module_preset=\u00bbdefault\u00bb custom_padding=\u00bb0px||0px||false|false\u00bb border_radii=\u00bbon|8px|8px|8px|8px\u00bb border_color_all_image=\u00bbRGBA(255,255,255,0)\u00bb global_colors_info=\u00bb{}\u00bb][\/et_pb_gallery][\/et_pb_column][\/et_pb_row][et_pb_row column_structure=\u00bb1_3,1_3,1_3&#8243; _builder_version=\u00bb4.27.4&#8243; _module_preset=\u00bbdefault\u00bb global_colors_info=\u00bb{}\u00bb][et_pb_column type=\u00bb1_3&#8243; _builder_version=\u00bb4.27.4&#8243; _module_preset=\u00bbdefault\u00bb global_colors_info=\u00bb{}\u00bb][et_pb_text _builder_version=\u00bb4.27.4&#8243; _module_preset=\u00bbdefault\u00bb custom_padding=\u00bb0px|||||\u00bb global_colors_info=\u00bb{}\u00bb]<\/p>\n<h3>Farmacia<\/h3>\n<p>Almacenamiento seguro con control continuo de temperatura y humedad.<\/p>\n<p>[\/et_pb_text][et_pb_gallery gallery_ids=\u00bb2891,2892,2893,2894,2895,2896,2897&#8243; fullwidth=\u00bbon\u00bb module_class=\u00bbgaleria-300&#215;200&#8243; _builder_version=\u00bb4.27.4&#8243; _module_preset=\u00bbdefault\u00bb custom_padding=\u00bb||0px|||\u00bb border_radii=\u00bbon|8px|8px|8px|8px\u00bb border_color_all_image=\u00bbRGBA(255,255,255,0)\u00bb global_colors_info=\u00bb{}\u00bb][\/et_pb_gallery][\/et_pb_column][et_pb_column type=\u00bb1_3&#8243; _builder_version=\u00bb4.27.4&#8243; _module_preset=\u00bbdefault\u00bb global_colors_info=\u00bb{}\u00bb][et_pb_text _builder_version=\u00bb4.27.4&#8243; _module_preset=\u00bbdefault\u00bb global_colors_info=\u00bb{}\u00bb]<\/p>\n<h3>Sala de coordinaci\u00f3n<\/h3>\n<p>Espacio dedicado a la gesti\u00f3n y organizaci\u00f3n de los estudios cl\u00ednicos.<\/p>\n<p>[\/et_pb_text][et_pb_gallery gallery_ids=\u00bb2898,2899,2900&#8243; fullwidth=\u00bbon\u00bb module_class=\u00bbgaleria-300&#215;200&#8243; _builder_version=\u00bb4.27.4&#8243; _module_preset=\u00bbdefault\u00bb custom_padding=\u00bb0px||0px||false|false\u00bb border_radii=\u00bbon|8px|8px|8px|8px\u00bb border_color_all_image=\u00bbRGBA(255,255,255,0)\u00bb global_colors_info=\u00bb{}\u00bb][\/et_pb_gallery][\/et_pb_column][et_pb_column type=\u00bb1_3&#8243; _builder_version=\u00bb4.27.4&#8243; _module_preset=\u00bbdefault\u00bb global_colors_info=\u00bb{}\u00bb][et_pb_text _builder_version=\u00bb4.27.4&#8243; _module_preset=\u00bbdefault\u00bb global_colors_info=\u00bb{}\u00bb]<\/p>\n<h3>Sala de reuni\u00f3n y monitoreo<\/h3>\n<p>Estructura preparada para recibir hasta seis monitores simult\u00e1neamente.<\/p>\n<p>[\/et_pb_text][et_pb_gallery gallery_ids=\u00bb2901,2902,2903,2904,2905,2906&#8243; fullwidth=\u00bbon\u00bb module_class=\u00bbgaleria-300&#215;200&#8243; _builder_version=\u00bb4.27.4&#8243; _module_preset=\u00bbdefault\u00bb custom_padding=\u00bb0px||0px||false|false\u00bb border_radii=\u00bbon|8px|8px|8px|8px\u00bb border_color_all_image=\u00bbRGBA(255,255,255,0)\u00bb global_colors_info=\u00bb{}\u00bb][\/et_pb_gallery][\/et_pb_column][\/et_pb_row][et_pb_row column_structure=\u00bb1_3,1_3,1_3&#8243; _builder_version=\u00bb4.27.4&#8243; _module_preset=\u00bbdefault\u00bb global_colors_info=\u00bb{}\u00bb][et_pb_column type=\u00bb1_3&#8243; _builder_version=\u00bb4.27.4&#8243; _module_preset=\u00bbdefault\u00bb global_colors_info=\u00bb{}\u00bb][et_pb_text _builder_version=\u00bb4.27.4&#8243; _module_preset=\u00bbdefault\u00bb global_colors_info=\u00bb{}\u00bb]<\/p>\n<h3>Sala de recolecci\u00f3n y procedimientos<\/h3>\n<p>Equipos modernos para realizaci\u00f3n de ex\u00e1menes como ECG y EEG<\/p>\n<p>[\/et_pb_text][et_pb_gallery gallery_ids=\u00bb2907,2908,2909,2910,2911,2912&#8243; fullwidth=\u00bbon\u00bb module_class=\u00bbgaleria-300&#215;200&#8243; _builder_version=\u00bb4.27.4&#8243; _module_preset=\u00bbdefault\u00bb custom_padding=\u00bb||0px|||\u00bb border_radii=\u00bbon|8px|8px|8px|8px\u00bb border_color_all_image=\u00bbRGBA(255,255,255,0)\u00bb global_colors_info=\u00bb{}\u00bb][\/et_pb_gallery][\/et_pb_column][et_pb_column type=\u00bb1_3&#8243; _builder_version=\u00bb4.27.4&#8243; _module_preset=\u00bbdefault\u00bb global_colors_info=\u00bb{}\u00bb][et_pb_text _builder_version=\u00bb4.27.4&#8243; _module_preset=\u00bbdefault\u00bb global_colors_info=\u00bb{}\u00bb]<\/p>\n<h3>Archivos<\/h3>\n<p>Organizaci\u00f3n eficiente y acceso r\u00e1pido a materiales y registros.<\/p>\n<p>[\/et_pb_text][et_pb_gallery gallery_ids=\u00bb2913,2914,2915,2916,2917&#8243; fullwidth=\u00bbon\u00bb module_class=\u00bbgaleria-300&#215;200&#8243; _builder_version=\u00bb4.27.4&#8243; _module_preset=\u00bbdefault\u00bb custom_padding=\u00bb0px||0px||false|false\u00bb border_radii=\u00bbon|8px|8px|8px|8px\u00bb border_color_all_image=\u00bbRGBA(255,255,255,0)\u00bb global_colors_info=\u00bb{}\u00bb][\/et_pb_gallery][\/et_pb_column][et_pb_column type=\u00bb1_3&#8243; _builder_version=\u00bb4.27.4&#8243; _module_preset=\u00bbdefault\u00bb global_colors_info=\u00bb{}\u00bb][\/et_pb_column][\/et_pb_row][\/et_pb_section]<\/p>\n","protected":false},"excerpt":{"rendered":"<p>Seguridad, confort y eficiencia en cada etapa de la investigaci\u00f3n cl\u00ednica.Nuestro centro de investigaci\u00f3n cuenta con una infraestructura moderna y completa, preparada para garantizar confort a los voluntarios, eficiencia para el equipo y seguridad en todas las etapas de las investigaciones cl\u00ednicas.Recepci\u00f3n y Acogida Amplia sala de espera y secretar\u00eda para atenci\u00f3n inicial. Consultorios Equipados [&hellip;]<\/p>\n","protected":false},"author":1,"featured_media":0,"parent":2989,"menu_order":0,"comment_status":"closed","ping_status":"closed","template":"","meta":{"_acf_changed":false,"_et_pb_use_builder":"on","_et_pb_old_content":"","_et_gb_content_width":"","_joinchat":[],"footnotes":""},"class_list":["post-2869","page","type-page","status-publish","hentry"],"acf":[],"_links":{"self":[{"href":"https:\/\/www.npcrs.com.br\/es\/wp-json\/wp\/v2\/pages\/2869","targetHints":{"allow":["GET"]}}],"collection":[{"href":"https:\/\/www.npcrs.com.br\/es\/wp-json\/wp\/v2\/pages"}],"about":[{"href":"https:\/\/www.npcrs.com.br\/es\/wp-json\/wp\/v2\/types\/page"}],"author":[{"embeddable":true,"href":"https:\/\/www.npcrs.com.br\/es\/wp-json\/wp\/v2\/users\/1"}],"replies":[{"embeddable":true,"href":"https:\/\/www.npcrs.com.br\/es\/wp-json\/wp\/v2\/comments?post=2869"}],"version-history":[{"count":3,"href":"https:\/\/www.npcrs.com.br\/es\/wp-json\/wp\/v2\/pages\/2869\/revisions"}],"predecessor-version":[{"id":2921,"href":"https:\/\/www.npcrs.com.br\/es\/wp-json\/wp\/v2\/pages\/2869\/revisions\/2921"}],"up":[{"embeddable":true,"href":"https:\/\/www.npcrs.com.br\/es\/wp-json\/wp\/v2\/pages\/2989"}],"wp:attachment":[{"href":"https:\/\/www.npcrs.com.br\/es\/wp-json\/wp\/v2\/media?parent=2869"}],"curies":[{"name":"wp","href":"https:\/\/api.w.org\/{rel}","templated":true}]}}