{"id":2925,"date":"2025-08-30T16:34:10","date_gmt":"2025-08-30T19:34:10","guid":{"rendered":"https:\/\/www.npcrs.com.br\/quienes-somos\/"},"modified":"2025-11-04T11:29:34","modified_gmt":"2025-11-04T14:29:34","slug":"quienes-somos","status":"publish","type":"page","link":"https:\/\/www.npcrs.com.br\/es\/quienes-somos\/","title":{"rendered":"QUI\u00c9NES SOMOS"},"content":{"rendered":"<p>[et_pb_section fb_built=\u00bb1&#8243; fullwidth=\u00bbon\u00bb _builder_version=\u00bb4.27.4&#8243; _module_preset=\u00bbdefault\u00bb background_enable_color=\u00bboff\u00bb use_background_color_gradient=\u00bbon\u00bb background_color_gradient_stops=\u00bbrgba(20,120,196,0.85) 0%|rgba(20,120,196,0.85) 100%\u00bb background_color_gradient_overlays_image=\u00bbon\u00bb background_image=\u00bbhttps:\/\/www.npcrs.com.br\/wp-content\/uploads\/2025\/09\/dna-estudos.jpg\u00bb global_colors_info=\u00bb{}\u00bb][et_pb_fullwidth_header title=\u00bbQUI\u00c9NES SOMOS\u00bb _builder_version=\u00bb4.27.4&#8243; _module_preset=\u00bbdefault\u00bb title_font=\u00bb|700||on|||||\u00bb background_enable_color=\u00bboff\u00bb background_enable_image=\u00bboff\u00bb global_colors_info=\u00bb{}\u00bb]<\/p>\n<p>Excelencia en investigaci\u00f3n cl\u00ednica con foco en el cuidado y la innovaci\u00f3n en salud<\/p>\n<p>[\/et_pb_fullwidth_header][\/et_pb_section][et_pb_section fb_built=\u00bb1&#8243; _builder_version=\u00bb4.27.4&#8243; _module_preset=\u00bbdefault\u00bb custom_padding=\u00bb||30px|||\u00bb global_colors_info=\u00bb{}\u00bb][et_pb_row column_structure=\u00bb2_3,1_3&#8243; _builder_version=\u00bb4.27.4&#8243; _module_preset=\u00bbdefault\u00bb global_colors_info=\u00bb{}\u00bb][et_pb_column type=\u00bb2_3&#8243; _builder_version=\u00bb4.27.4&#8243; _module_preset=\u00bbdefault\u00bb global_colors_info=\u00bb{}\u00bb][et_pb_text _builder_version=\u00bb4.27.4&#8243; _module_preset=\u00bbdefault\u00bb custom_padding=\u00bb||0px|||\u00bb global_colors_info=\u00bb{}\u00bb]<\/p>\n<p data-start=\"327\" data-end=\"502\">El Centro de Investigaci\u00f3n Cl\u00ednica de Rio Grande do Sul (NPCRS) es un centro especializado en la atenci\u00f3n de pacientes ambulatorios y en el desarrollo de investigaciones cl\u00ednicas.<\/p>\n<p data-start=\"504\" data-end=\"748\">Ubicado en la Rua Mostardeiro, n\u00ba 5, unidad 310 \u2013 Barrio Moinhos de Vento, Porto Alegre\/RS, el centro dispone de un \u00e1rea total de 700 m\u00b2, planificada espec\u00edficamente para la conducci\u00f3n de estudios cl\u00ednicos y para el cuidado de los pacientes.<\/p>\n<p data-start=\"750\" data-end=\"920\">Toda la estructura est\u00e1 monitoreada electr\u00f3nicamente, con acceso restringido, sistema de internet y telefon\u00eda, adem\u00e1s de equipos de seguridad, incluyendo sistema contra incendios.<\/p>\n<p>[\/et_pb_text][et_pb_divider _builder_version=\u00bb4.27.4&#8243; _module_preset=\u00bbdefault\u00bb global_colors_info=\u00bb{}\u00bb][\/et_pb_divider][\/et_pb_column][et_pb_column type=\u00bb1_3&#8243; _builder_version=\u00bb4.27.4&#8243; _module_preset=\u00bbdefault\u00bb global_colors_info=\u00bb{}\u00bb][et_pb_image src=\u00bbhttps:\/\/www.npcrs.com.br\/wp-content\/uploads\/2025\/08\/npcrs-recepcao-01-1024&#215;684-1-600&#215;400.jpg\u00bb title_text=\u00bbnpcrs-recepcao-01-1024&#215;684&#8243; _builder_version=\u00bb4.27.4&#8243; _module_preset=\u00bbdefault\u00bb box_shadow_style=\u00bbpreset4&#8243; box_shadow_horizontal=\u00bb8px\u00bb box_shadow_vertical=\u00bb8px\u00bb box_shadow_color=\u00bb#1478C4&#8243; global_colors_info=\u00bb{}\u00bb][\/et_pb_image][\/et_pb_column][\/et_pb_row][et_pb_row _builder_version=\u00bb4.27.4&#8243; _module_preset=\u00bbdefault\u00bb global_colors_info=\u00bb{}\u00bb][et_pb_column type=\u00bb4_4&#8243; _builder_version=\u00bb4.27.4&#8243; _module_preset=\u00bbdefault\u00bb global_colors_info=\u00bb{}\u00bb][et_pb_text _builder_version=\u00bb4.27.4&#8243; _module_preset=\u00bbdefault\u00bb global_colors_info=\u00bb{}\u00bb]<\/p>\n<h2 data-start=\"927\" data-end=\"944\">Infraestructura<\/h2>\n<p data-start=\"946\" data-end=\"1084\">El NPCRS cuenta con una estructura completa, planificada para garantizar calidad, confort y seguridad en todas las etapas de los estudios cl\u00ednicos:<\/p>\n<ul data-start=\"1086\" data-end=\"2510\">\n<li data-start=\"1086\" data-end=\"1143\">\n<p data-start=\"1088\" data-end=\"1143\">Sala de espera amplia y secretar\u00eda de atenci\u00f3n.<\/p>\n<\/li>\n<li data-start=\"1144\" data-end=\"1279\">\n<p data-start=\"1146\" data-end=\"1279\">Cuatro consultorios equipados con balanzas, escalas antropom\u00e9tricas, term\u00f3metros y esfigmoman\u00f3metros certificados por INMETRO.<\/p>\n<\/li>\n<li data-start=\"1280\" data-end=\"1432\">\n<p data-start=\"1282\" data-end=\"1432\">Sala de recolecci\u00f3n y procesamiento de material biol\u00f3gico, equipada para preparaci\u00f3n de embarque y con dos ba\u00f1os exclusivos para pacientes y recolecci\u00f3n.<\/p>\n<\/li>\n<li data-start=\"1433\" data-end=\"1507\">\n<p data-start=\"1435\" data-end=\"1507\">Sala de procedimientos (ECG, EEG y otros) con aparatos dedicados.<\/p>\n<\/li>\n<li data-start=\"1508\" data-end=\"1714\">\n<p data-start=\"1510\" data-end=\"1714\">Farmacia de acceso restringido, con control riguroso de temperatura (+2 \u00b0C a +8 \u00b0C), congeladores (-20 \u00b0C), sistema contra cortes de energ\u00eda, registro continuo y monitoreo a distancia de temperatura y humedad.<\/p>\n<\/li>\n<li data-start=\"1715\" data-end=\"1813\">\n<p data-start=\"1717\" data-end=\"1813\">Armarios individuales con llave para almacenamiento de medicamentos a temperatura ambiente.<\/p>\n<\/li>\n<li data-start=\"1814\" data-end=\"1896\">\n<p data-start=\"1816\" data-end=\"1896\">Sala de monitoreo, preparada para atender hasta 6 monitores simult\u00e1neamente.<\/p>\n<\/li>\n<li data-start=\"1897\" data-end=\"1939\">\n<p data-start=\"1899\" data-end=\"1939\">Despensa destinada al equipo del centro.<\/p>\n<\/li>\n<li data-start=\"1940\" data-end=\"2036\">\n<p data-start=\"1942\" data-end=\"2036\">\u00c1rea de apoyo al paciente, para descanso, llenado de cuestionarios y entrenamientos.<\/p>\n<\/li>\n<li data-start=\"2037\" data-end=\"2114\">\n<p data-start=\"2039\" data-end=\"2114\">\u00c1rea de apoyo a las coordinadoras, con archivos y dep\u00f3sito de materiales.<\/p>\n<\/li>\n<li data-start=\"2115\" data-end=\"2178\">\n<p data-start=\"2117\" data-end=\"2178\">\u00c1rea de infusi\u00f3n de medicamentos, bajo supervisi\u00f3n m\u00e9dica.<\/p>\n<\/li>\n<li data-start=\"2179\" data-end=\"2256\">\n<p data-start=\"2181\" data-end=\"2256\">Carro equipado para emergencias, equipado para atenciones m\u00e9dicas inmediatas.<\/p>\n<\/li>\n<li data-start=\"2257\" data-end=\"2340\">\n<p data-start=\"2259\" data-end=\"2340\">Sala de reuniones para hasta 10 personas, equipada con audio y videoconferencia.<\/p>\n<\/li>\n<li data-start=\"2341\" data-end=\"2510\">\n<p data-start=\"2343\" data-end=\"2510\">Sala de reuniones de uso com\u00fan en el edificio, disponible mediante reserva, utilizada para entrenamientos del equipo profesional y encuentros con grupos de pacientes.<\/p>\n<\/li>\n<\/ul>\n<p>[\/et_pb_text][et_pb_gallery gallery_ids=\u00bb2878,2891,2887,2888,2874,2912,2904,2906,2898,2877,2880,2890&#8243; show_title_and_caption=\u00bboff\u00bb zoom_icon_color=\u00bbrgba(33,180,195,0.3)\u00bb hover_icon=\u00bb&#x49;||divi||400&#8243; _builder_version=\u00bb4.27.4&#8243; _module_preset=\u00bbdefault\u00bb box_shadow_style_image=\u00bbpreset4&#8243; box_shadow_horizontal_image=\u00bb8px\u00bb box_shadow_vertical_image=\u00bb8px\u00bb box_shadow_color_image=\u00bb#1478C4&#8243; global_colors_info=\u00bb{}\u00bb][\/et_pb_gallery][\/et_pb_column][\/et_pb_row][\/et_pb_section][et_pb_section fb_built=\u00bb1&#8243; _builder_version=\u00bb4.27.4&#8243; _module_preset=\u00bbdefault\u00bb custom_padding=\u00bb29px|||||\u00bb global_colors_info=\u00bb{}\u00bb][et_pb_row _builder_version=\u00bb4.27.4&#8243; _module_preset=\u00bbdefault\u00bb global_colors_info=\u00bb{}\u00bb][et_pb_column type=\u00bb4_4&#8243; _builder_version=\u00bb4.27.4&#8243; _module_preset=\u00bbdefault\u00bb global_colors_info=\u00bb{}\u00bb][et_pb_text _builder_version=\u00bb4.27.4&#8243; _module_preset=\u00bbdefault\u00bb global_colors_info=\u00bb{}\u00bb]<\/p>\n<h2 data-start=\"2517\" data-end=\"2539\">Equipo Profesional<\/h2>\n<p data-start=\"2541\" data-end=\"2683\">El equipo del NPCRS est\u00e1 formado por m\u00e9dicos(as) investigadores(as), coordinadores de investigaci\u00f3n, equipo de recolecci\u00f3n, recepcionistas y administraci\u00f3n.<\/p>\n<p data-start=\"2685\" data-end=\"2887\">Los investigadores poseen experiencia comprobada en investigaci\u00f3n cl\u00ednica desde 2002, actuando en diferentes especialidades m\u00e9dicas y con historial de participaci\u00f3n en estudios nacionales e internacionales.<\/p>\n<p data-start=\"2889\" data-end=\"3098\">Adem\u00e1s del equipo propio, el centro mantiene socios con laboratorios de patolog\u00eda cl\u00ednica, servicios de imagen y otros m\u00e9dicos, garantizando soporte completo para el desarrollo de los estudios.<\/p>\n<p>[\/et_pb_text][et_pb_button button_url=\u00bbhttps:\/\/www.npcrs.com.br\/pesquisa-clinica\/profissionais\/\u00bb button_text=\u00bbConozca Nuestro Equipo\u00bb _builder_version=\u00bb4.27.4&#8243; _module_preset=\u00bbdefault\u00bb global_colors_info=\u00bb{}\u00bb][\/et_pb_button][et_pb_divider _builder_version=\u00bb4.27.4&#8243; _module_preset=\u00bbdefault\u00bb global_colors_info=\u00bb{}\u00bb][\/et_pb_divider][et_pb_text _builder_version=\u00bb4.27.4&#8243; _module_preset=\u00bbdefault\u00bb global_colors_info=\u00bb{}\u00bb]<\/p>\n<h2 data-start=\"3105\" data-end=\"3127\">Responsable T\u00e9cnica<\/h2>\n<p data-start=\"3129\" data-end=\"3176\"><strong data-start=\"3129\" data-end=\"3161\">Dra. Adriana Marques Valenti<\/strong><br data-start=\"3161\" data-end=\"3164\">CRM: 29379<\/p>\n<p>[\/et_pb_text][et_pb_button button_url=\u00bbhttps:\/\/www.npcrs.com.br\/profissionais\/dra-adriana-marques-valenti\/\u00bb button_text=\u00bbM\u00e1s Informaci\u00f3n\u00bb _builder_version=\u00bb4.27.4&#8243; _module_preset=\u00bbdefault\u00bb global_colors_info=\u00bb{}\u00bb][\/et_pb_button][\/et_pb_column][\/et_pb_row][\/et_pb_section]<\/p>\n","protected":false},"excerpt":{"rendered":"<p>Excelencia en investigaci\u00f3n cl\u00ednica con foco en el cuidado y la innovaci\u00f3n en saludEl Centro de Investigaci\u00f3n Cl\u00ednica de Rio Grande do Sul (NPCRS) es un centro especializado en la atenci\u00f3n de pacientes ambulatorios y en el desarrollo de investigaciones cl\u00ednicas. Ubicado en la Rua Mostardeiro, n\u00ba 5, unidad 310 \u2013 Barrio Moinhos de Vento, [&hellip;]<\/p>\n","protected":false},"author":1,"featured_media":0,"parent":0,"menu_order":0,"comment_status":"closed","ping_status":"closed","template":"","meta":{"_acf_changed":false,"_et_pb_use_builder":"on","_et_pb_old_content":"","_et_gb_content_width":"","_joinchat":[],"footnotes":""},"class_list":["post-2925","page","type-page","status-publish","hentry"],"acf":[],"_links":{"self":[{"href":"https:\/\/www.npcrs.com.br\/es\/wp-json\/wp\/v2\/pages\/2925","targetHints":{"allow":["GET"]}}],"collection":[{"href":"https:\/\/www.npcrs.com.br\/es\/wp-json\/wp\/v2\/pages"}],"about":[{"href":"https:\/\/www.npcrs.com.br\/es\/wp-json\/wp\/v2\/types\/page"}],"author":[{"embeddable":true,"href":"https:\/\/www.npcrs.com.br\/es\/wp-json\/wp\/v2\/users\/1"}],"replies":[{"embeddable":true,"href":"https:\/\/www.npcrs.com.br\/es\/wp-json\/wp\/v2\/comments?post=2925"}],"version-history":[{"count":3,"href":"https:\/\/www.npcrs.com.br\/es\/wp-json\/wp\/v2\/pages\/2925\/revisions"}],"predecessor-version":[{"id":2928,"href":"https:\/\/www.npcrs.com.br\/es\/wp-json\/wp\/v2\/pages\/2925\/revisions\/2928"}],"wp:attachment":[{"href":"https:\/\/www.npcrs.com.br\/es\/wp-json\/wp\/v2\/media?parent=2925"}],"curies":[{"name":"wp","href":"https:\/\/api.w.org\/{rel}","templated":true}]}}