{"id":2935,"date":"2025-08-30T16:38:23","date_gmt":"2025-08-30T19:38:23","guid":{"rendered":"https:\/\/www.npcrs.com.br\/regulacion\/legislacion-y-normas\/"},"modified":"2025-11-04T14:33:20","modified_gmt":"2025-11-04T17:33:20","slug":"legislacion-y-normas","status":"publish","type":"page","link":"https:\/\/www.npcrs.com.br\/es\/investigacion-clinica\/regulacion\/legislacion-y-normas\/","title":{"rendered":"LEGISLACI\u00d3N Y NORMAS"},"content":{"rendered":"<p>[et_pb_section fb_built=\u00bb1&#8243; fullwidth=\u00bbon\u00bb _builder_version=\u00bb4.27.4&#8243; _module_preset=\u00bbdefault\u00bb background_enable_color=\u00bboff\u00bb use_background_color_gradient=\u00bbon\u00bb background_color_gradient_stops=\u00bbrgba(20,120,196,0.85) 0%|rgba(20,120,196,0.85) 100%\u00bb background_color_gradient_overlays_image=\u00bbon\u00bb background_image=\u00bbhttps:\/\/www.npcrs.com.br\/wp-content\/uploads\/2025\/09\/dna-estudos.jpg\u00bb global_colors_info=\u00bb{}\u00bb theme_builder_area=\u00bbpost_content\u00bb][et_pb_fullwidth_header title=\u00bbLEGISLACI\u00d3N Y NORMAS\u00bb _builder_version=\u00bb4.27.4&#8243; _module_preset=\u00bbdefault\u00bb title_font=\u00bb|700||on|||||\u00bb background_enable_color=\u00bboff\u00bb background_enable_image=\u00bboff\u00bb global_colors_info=\u00bb{}\u00bb theme_builder_area=\u00bbpost_content\u00bb]<\/p>\n<p>Referencias oficiales que garantizan la \u00e9tica, la seguridad y la calidad en nuestras investigaciones cl\u00ednicas<\/p>\n<p>[\/et_pb_fullwidth_header][\/et_pb_section][et_pb_section fb_built=\u00bb1&#8243; _builder_version=\u00bb4.27.4&#8243; _module_preset=\u00bbdefault\u00bb custom_padding=\u00bb||30px|||\u00bb global_colors_info=\u00bb{}\u00bb theme_builder_area=\u00bbpost_content\u00bb][et_pb_row column_structure=\u00bb2_3,1_3&#8243; _builder_version=\u00bb4.27.4&#8243; _module_preset=\u00bbdefault\u00bb global_colors_info=\u00bb{}\u00bb theme_builder_area=\u00bbpost_content\u00bb][et_pb_column type=\u00bb2_3&#8243; _builder_version=\u00bb4.27.4&#8243; _module_preset=\u00bbdefault\u00bb global_colors_info=\u00bb{}\u00bb theme_builder_area=\u00bbpost_content\u00bb][et_pb_text _builder_version=\u00bb4.27.4&#8243; _module_preset=\u00bbdefault\u00bb custom_padding=\u00bb||16px|||\u00bb hover_enabled=\u00bb0&#8243; global_colors_info=\u00bb{}\u00bb theme_builder_area=\u00bbpost_content\u00bb sticky_enabled=\u00bb0&#8243;]<\/p>\n<p data-start=\"327\" data-end=\"502\">La investigaci\u00f3n cl\u00ednica est\u00e1 guiada por normas \u00e9ticas y legales que aseguran la protecci\u00f3n de los participantes, la validez cient\u00edfica de los estudios y la responsabilidad de las instituciones involucradas.<\/p>\n<p data-start=\"327\" data-end=\"502\">En esta secci\u00f3n, reunimos los principales marcos regulatorios que orientan la actuaci\u00f3n del NPCRS, garantizando rigor cient\u00edfico, respeto a la dignidad humana y conformidad con las mejores pr\u00e1cticas internacionales.<\/p>\n<p>[\/et_pb_text][et_pb_divider _builder_version=\u00bb4.27.4&#8243; _module_preset=\u00bbdefault\u00bb global_colors_info=\u00bb{}\u00bb theme_builder_area=\u00bbpost_content\u00bb][\/et_pb_divider][\/et_pb_column][et_pb_column type=\u00bb1_3&#8243; _builder_version=\u00bb4.27.4&#8243; _module_preset=\u00bbdefault\u00bb global_colors_info=\u00bb{}\u00bb theme_builder_area=\u00bbpost_content\u00bb][et_pb_image src=\u00bbhttps:\/\/www.npcrs.com.br\/wp-content\/uploads\/2025\/09\/leis-estudos-clinicos-1.jpg\u00bb title_text=\u00bbleis-estudos-clinicos-1&#8243; _builder_version=\u00bb4.27.4&#8243; _module_preset=\u00bbdefault\u00bb hover_enabled=\u00bb0&#8243; box_shadow_style=\u00bbpreset4&#8243; box_shadow_horizontal=\u00bb8px\u00bb box_shadow_vertical=\u00bb8px\u00bb box_shadow_color=\u00bb#1478C4&#8243; global_colors_info=\u00bb{}\u00bb theme_builder_area=\u00bbpost_content\u00bb sticky_enabled=\u00bb0&#8243;][\/et_pb_image][\/et_pb_column][\/et_pb_row][et_pb_row _builder_version=\u00bb4.27.4&#8243; _module_preset=\u00bbdefault\u00bb global_colors_info=\u00bb{}\u00bb theme_builder_area=\u00bbpost_content\u00bb][et_pb_column type=\u00bb4_4&#8243; _builder_version=\u00bb4.27.4&#8243; _module_preset=\u00bbdefault\u00bb global_colors_info=\u00bb{}\u00bb theme_builder_area=\u00bbpost_content\u00bb][et_pb_text _builder_version=\u00bb4.27.4&#8243; _module_preset=\u00bbdefault\u00bb hover_enabled=\u00bb0&#8243; global_colors_info=\u00bb{}\u00bb theme_builder_area=\u00bbpost_content\u00bb sticky_enabled=\u00bb0&#8243;]<\/p>\n<h2>Haga clic para acceder a los documentos en formato PDF<\/h2>\n<p><a href=\"https:\/\/www.npcrs.com.br\/wp-content\/uploads\/2025\/09\/Codigo-de-Nuremberg-1947.pdf\" target=\"_blank\" rel=\"noopener\" title=\"Co\u0301digo de Nu\u0308remberg \u2013 1947\"><i class=\"fi fi-sr-file-pdf icone-pdf\"><\/i>  Co\u0301digo de Nu\u0308remberg \u2013 1947<\/a><\/p>\n<p><a href=\"https:\/\/www.npcrs.com.br\/wp-content\/uploads\/2025\/09\/Declaracao-de-Helsinque-2013.pdf\" target=\"_blank\" rel=\"noopener\" title=\"Declara\u00e7\u00e3o de Helsinque 2013\"><i class=\"fi fi-sr-file-pdf icone-pdf\"><\/i>  Declara\u00e7\u00e3o de Helsinque 2013<\/a><\/p>\n<p><a href=\"https:\/\/www.npcrs.com.br\/wp-content\/uploads\/2025\/09\/Documento-das-Americas-de-2005.pdf\" target=\"_blank\" rel=\"noopener\" title=\"Boas Pr\u00e1ticas Cl\u00ednicas: Documento das Am\u00e9ricas de 2005\"><i class=\"fi fi-sr-file-pdf icone-pdf\"><\/i>  Boas Pr\u00e1ticas Cl\u00ednicas: Documento das Am\u00e9ricas de 2005<\/a><\/p>\n<p><a href=\"https:\/\/www.npcrs.com.br\/wp-content\/uploads\/2025\/09\/Instrucao-Normativa-n-4-de-2009-Anvisa.pdf\" target=\"_blank\" rel=\"noopener\" title=\"Instru\u00e7\u00e3o Normativa n\u00b04 de 2009 Anvisa\"><i class=\"fi fi-sr-file-pdf icone-pdf\"><\/i>  Instru\u00e7\u00e3o Normativa n\u00b04 de 2009 Anvisa<\/a><\/p>\n<p><a href=\"https:\/\/www.npcrs.com.br\/wp-content\/uploads\/2025\/09\/Normativa-21-de-02-Outubro-2017.pdf\" target=\"_blank\" rel=\"noopener\" title=\"Normativa n\u00b021 de 02 de Outubro de 2017\"><i class=\"fi fi-sr-file-pdf icone-pdf\"><\/i>  Normativa n\u00b021 de 02 de Outubro de 2017<\/a><\/p>\n<p><a href=\"https:\/\/www.npcrs.com.br\/wp-content\/uploads\/2025\/09\/Normativa-190-de-03-Outubro-2017.pdf\" target=\"_blank\" rel=\"noopener\" title=\"Normativa n\u00b0190 de 03 de Outubro de 2017\"><i class=\"fi fi-sr-file-pdf icone-pdf\"><\/i>  Normativa n\u00b0190 de 03 de Outubro de 2017<\/a><\/p>\n<p><a href=\"https:\/\/www.npcrs.com.br\/wp-content\/uploads\/2025\/09\/Normativa-20-de-2017-Medicamentos-Anvisa.pdf\" target=\"_blank\" rel=\"noopener\" title=\"Normativa n\u00b020 de 2017 de Medicamentos Anvisa.pdf\"><i class=\"fi fi-sr-file-pdf icone-pdf\"><\/i>  Normativa n\u00b020 de 2017 de Medicamentos Anvisa.pdf<\/a><\/p>\n<p><a href=\"https:\/\/www.npcrs.com.br\/wp-content\/uploads\/2025\/09\/RDC-10-2015-Anvisa.pdf\" target=\"_blank\" rel=\"noopener\" title=\"Resolu\u00e7\u00e3o da Diretoria Colegiada \u2013 RDC n\u00b010 de 20 de fevereiro de 2015\"><i class=\"fi fi-sr-file-pdf icone-pdf\"><\/i>  Resolu\u00e7\u00e3o da Diretoria Colegiada \u2013 RDC n\u00b010 de 20 de fevereiro de 2015<\/a><\/p>\n<p><a href=\"https:\/\/www.npcrs.com.br\/wp-content\/uploads\/2025\/09\/Resolucao-N-466-de-12-dezembro-2012.pdf\" target=\"_blank\" rel=\"noopener\" title=\"Resolu\u00e7\u00e3o n\u00b0466 de 12 de dezembro de 2012\"><i class=\"fi fi-sr-file-pdf icone-pdf\"><\/i>  Resolu\u00e7\u00e3o n\u00b0466 de 12 de dezembro de 2012<\/a><\/p>\n<p><a href=\"https:\/\/www.npcrs.com.br\/wp-content\/uploads\/2025\/09\/E6_R2_Addendum_GCP_2016.pdf\" target=\"_blank\" rel=\"noopener\" title=\"Good Practice clinical \u2013 R2_Adendo_Ingl\u00eas_2016\"><i class=\"fi fi-sr-file-pdf icone-pdf\"><\/i>  Good Practice clinical \u2013 R2_Adendo_Ingl\u00eas_2016<\/a><\/p>\n<p><a href=\"https:\/\/www.npcrs.com.br\/wp-content\/uploads\/2025\/09\/Resolucao-510-de-2016-CONEP.pdf\" target=\"_blank\" rel=\"noopener\" title=\"RESOLU\u00c7\u00c3O N\u00ba 510, DE 07 DE ABRIL DE 2016\"><i class=\"fi fi-sr-file-pdf icone-pdf\"><\/i>  RESOLU\u00c7\u00c3O N\u00ba 510, DE 07 DE ABRIL DE 2016<\/a><\/p>\n<p><a href=\"https:\/\/www.npcrs.com.br\/wp-content\/uploads\/2025\/09\/RDC-214-de-2018.pdf\" target=\"_blank\" rel=\"noopener\" title=\"RDC N\u00ba 214, DE 7 DE FEVEREIRO DE 2018\"><i class=\"fi fi-sr-file-pdf icone-pdf\"><\/i>  RDC N\u00ba 214, DE 7 DE FEVEREIRO DE 2018<\/a>[\/et_pb_text][\/et_pb_column][\/et_pb_row][\/et_pb_section][et_pb_section fb_built=\u00bb1&#8243; fullwidth=\u00bbon\u00bb _builder_version=\u00bb4.27.4&#8243; _module_preset=\u00bbdefault\u00bb background_enable_color=\u00bboff\u00bb background_enable_image=\u00bboff\u00bb global_module=\u00bb1666&#8243; saved_tabs=\u00bball\u00bb global_colors_info=\u00bb{}\u00bb theme_builder_area=\u00bbpost_content\u00bb][et_pb_fullwidth_slider _builder_version=\u00bb4.27.4&#8243; _module_preset=\u00bbdefault\u00bb header_font=\u00bbMontserrat|800|||||||\u00bb header_text_align=\u00bbcenter\u00bb body_text_align=\u00bbleft\u00bb body_font_size=\u00bb16px\u00bb background_enable_color=\u00bboff\u00bb use_background_color_gradient=\u00bbon\u00bb background_color_gradient_stops=\u00bbrgba(7,69,127,0.75) 0%|rgba(7,69,127,0.75) 100%\u00bb background_color_gradient_overlays_image=\u00bbon\u00bb background_image=\u00bbhttps:\/\/www.npcrs.com.br\/wp-content\/uploads\/2025\/09\/voluntario-2.jpg\u00bb custom_button=\u00bbon\u00bb button_text_size=\u00bb18px\u00bb button_text_color=\u00bb#F3F4F6&#8243; button_bg_color=\u00bb#1478C4&#8243; button_border_color=\u00bbRGBA(255,255,255,0)\u00bb button_border_radius=\u00bb8px\u00bb button_font=\u00bbMontserrat|||on|||||\u00bb button_icon=\u00bb&#xe101;||divi||400&#8243; button_icon_placement=\u00bbleft\u00bb button_on_hover=\u00bboff\u00bb box_shadow_style_button=\u00bbpreset3&#8243; box_shadow_vertical_button=\u00bb10px\u00bb box_shadow_blur_button=\u00bb14px\u00bb box_shadow_color_button=\u00bbrgba(17,24,39,0.59)\u00bb global_colors_info=\u00bb{}\u00bb theme_builder_area=\u00bbpost_content\u00bb][et_pb_slide heading=\u00bbSea un voluntario\u00bb button_text=\u00bbQuiero Participar\u00bb button_link=\u00bb@ET-DC@eyJkeW5hbWljIjp0cnVlLCJjb250ZW50IjoicG9zdF9saW5rX3VybF9wYWdlIiwic2V0dGluZ3MiOnsicG9zdF9pZCI6IjExMiJ9fQ==@\u00bb _builder_version=\u00bb4.27.4&#8243; _dynamic_attributes=\u00bbbutton_link\u00bb _module_preset=\u00bbdefault\u00bb header_text_align=\u00bbcenter\u00bb body_text_align=\u00bbcenter\u00bb text_orientation=\u00bbcenter\u00bb global_colors_info=\u00bb{}\u00bb sticky_transition=\u00bbon\u00bb theme_builder_area=\u00bbpost_content\u00bb]Participe en estudios cl\u00ednicos que contribuyen al avance de la ciencia y ayudan a transformar vidas. Su participaci\u00f3n hace la diferencia.[\/et_pb_slide][\/et_pb_fullwidth_slider][\/et_pb_section]<\/p>\n","protected":false},"excerpt":{"rendered":"<p>Referencias oficiales que garantizan la \u00e9tica, la seguridad y la calidad en nuestras investigaciones cl\u00ednicasLa investigaci\u00f3n cl\u00ednica est\u00e1 guiada por normas \u00e9ticas y legales que aseguran la protecci\u00f3n de los participantes, la validez cient\u00edfica de los estudios y la responsabilidad de las instituciones involucradas. En esta secci\u00f3n, reunimos los principales marcos regulatorios que orientan la [&hellip;]<\/p>\n","protected":false},"author":1,"featured_media":0,"parent":2929,"menu_order":0,"comment_status":"closed","ping_status":"closed","template":"","meta":{"_acf_changed":false,"_et_pb_use_builder":"on","_et_pb_old_content":"","_et_gb_content_width":"","_joinchat":[],"footnotes":""},"class_list":["post-2935","page","type-page","status-publish","hentry"],"acf":[],"_links":{"self":[{"href":"https:\/\/www.npcrs.com.br\/es\/wp-json\/wp\/v2\/pages\/2935","targetHints":{"allow":["GET"]}}],"collection":[{"href":"https:\/\/www.npcrs.com.br\/es\/wp-json\/wp\/v2\/pages"}],"about":[{"href":"https:\/\/www.npcrs.com.br\/es\/wp-json\/wp\/v2\/types\/page"}],"author":[{"embeddable":true,"href":"https:\/\/www.npcrs.com.br\/es\/wp-json\/wp\/v2\/users\/1"}],"replies":[{"embeddable":true,"href":"https:\/\/www.npcrs.com.br\/es\/wp-json\/wp\/v2\/comments?post=2935"}],"version-history":[{"count":2,"href":"https:\/\/www.npcrs.com.br\/es\/wp-json\/wp\/v2\/pages\/2935\/revisions"}],"predecessor-version":[{"id":2937,"href":"https:\/\/www.npcrs.com.br\/es\/wp-json\/wp\/v2\/pages\/2935\/revisions\/2937"}],"up":[{"embeddable":true,"href":"https:\/\/www.npcrs.com.br\/es\/wp-json\/wp\/v2\/pages\/2929"}],"wp:attachment":[{"href":"https:\/\/www.npcrs.com.br\/es\/wp-json\/wp\/v2\/media?parent=2935"}],"curies":[{"name":"wp","href":"https:\/\/api.w.org\/{rel}","templated":true}]}}