{"id":2938,"date":"2025-08-30T16:38:45","date_gmt":"2025-08-30T19:38:45","guid":{"rendered":"https:\/\/www.npcrs.com.br\/regulacion\/documentos-importantes\/"},"modified":"2025-11-04T14:36:39","modified_gmt":"2025-11-04T17:36:39","slug":"documentos-importantes","status":"publish","type":"page","link":"https:\/\/www.npcrs.com.br\/es\/investigacion-clinica\/regulacion\/documentos-importantes\/","title":{"rendered":"Documentos Importantes"},"content":{"rendered":"<p>[et_pb_section fb_built=\u00bb1&#8243; fullwidth=\u00bbon\u00bb _builder_version=\u00bb4.27.4&#8243; _module_preset=\u00bbdefault\u00bb background_enable_color=\u00bboff\u00bb use_background_color_gradient=\u00bbon\u00bb background_color_gradient_stops=\u00bbrgba(20,120,196,0.85) 0%|rgba(20,120,196,0.85) 100%\u00bb background_color_gradient_overlays_image=\u00bbon\u00bb background_image=\u00bbhttps:\/\/www.npcrs.com.br\/wp-content\/uploads\/2025\/09\/dna-estudos.jpg\u00bb global_colors_info=\u00bb{}\u00bb theme_builder_area=\u00bbpost_content\u00bb][et_pb_fullwidth_header title=\u00bbDocumentos importantes\u00bb _builder_version=\u00bb4.27.4&#8243; _module_preset=\u00bbdefault\u00bb title_font=\u00bb|700||on|||||\u00bb background_enable_color=\u00bboff\u00bb background_enable_image=\u00bboff\u00bb global_colors_info=\u00bb{}\u00bb theme_builder_area=\u00bbpost_content\u00bb]<\/p>\n<p>Materiales de referencia que apoyan a investigadores y voluntarios en la comprensi\u00f3n del proceso \u00e9tico de la investigaci\u00f3n cl\u00ednica.<\/p>\n<p>[\/et_pb_fullwidth_header][\/et_pb_section][et_pb_section fb_built=\u00bb1&#8243; _builder_version=\u00bb4.27.4&#8243; _module_preset=\u00bbdefault\u00bb custom_padding=\u00bb||30px|||\u00bb global_colors_info=\u00bb{}\u00bb theme_builder_area=\u00bbpost_content\u00bb][et_pb_row column_structure=\u00bb2_3,1_3&#8243; _builder_version=\u00bb4.27.4&#8243; _module_preset=\u00bbdefault\u00bb global_colors_info=\u00bb{}\u00bb theme_builder_area=\u00bbpost_content\u00bb][et_pb_column type=\u00bb2_3&#8243; _builder_version=\u00bb4.27.4&#8243; _module_preset=\u00bbdefault\u00bb global_colors_info=\u00bb{}\u00bb theme_builder_area=\u00bbpost_content\u00bb][et_pb_text _builder_version=\u00bb4.27.4&#8243; _module_preset=\u00bbdefault\u00bb custom_padding=\u00bb||16px|||\u00bb hover_enabled=\u00bb0&#8243; global_colors_info=\u00bb{}\u00bb theme_builder_area=\u00bbpost_content\u00bb sticky_enabled=\u00bb0&#8243;]<\/p>\n<p data-start=\"327\" data-end=\"502\">La comprensi\u00f3n plena de los derechos y responsabilidades es fundamental para la participaci\u00f3n en estudios cl\u00ednicos. En esta secci\u00f3n, reunimos documentos que ofrecen orientaciones pr\u00e1cticas sobre la elaboraci\u00f3n y la conducci\u00f3n del proceso de consentimiento informado, adem\u00e1s de reflexiones sobre \u00e9tica aplicada a la investigaci\u00f3n en salud. Estos contenidos sirven como referencia tanto para investigadores y equipos de estudio como para voluntarios, contribuyendo a decisiones conscientes, mayor transparencia y fortalecimiento de la confianza mutua en cada etapa de la investigaci\u00f3n.<\/p>\n<p>[\/et_pb_text][et_pb_divider _builder_version=\u00bb4.27.4&#8243; _module_preset=\u00bbdefault\u00bb global_colors_info=\u00bb{}\u00bb theme_builder_area=\u00bbpost_content\u00bb][\/et_pb_divider][\/et_pb_column][et_pb_column type=\u00bb1_3&#8243; _builder_version=\u00bb4.27.4&#8243; _module_preset=\u00bbdefault\u00bb global_colors_info=\u00bb{}\u00bb theme_builder_area=\u00bbpost_content\u00bb][et_pb_image src=\u00bbhttps:\/\/www.npcrs.com.br\/wp-content\/uploads\/2025\/09\/leis-estudos-clinicos-2.jpg\u00bb title_text=\u00bbleis-estudos-clinicos-2&#8243; _builder_version=\u00bb4.27.4&#8243; _module_preset=\u00bbdefault\u00bb hover_enabled=\u00bb0&#8243; box_shadow_style=\u00bbpreset4&#8243; box_shadow_horizontal=\u00bb8px\u00bb box_shadow_vertical=\u00bb8px\u00bb box_shadow_color=\u00bb#1478C4&#8243; global_colors_info=\u00bb{}\u00bb theme_builder_area=\u00bbpost_content\u00bb sticky_enabled=\u00bb0&#8243;][\/et_pb_image][\/et_pb_column][\/et_pb_row][et_pb_row _builder_version=\u00bb4.27.4&#8243; _module_preset=\u00bbdefault\u00bb global_colors_info=\u00bb{}\u00bb theme_builder_area=\u00bbpost_content\u00bb][et_pb_column type=\u00bb4_4&#8243; _builder_version=\u00bb4.27.4&#8243; _module_preset=\u00bbdefault\u00bb global_colors_info=\u00bb{}\u00bb theme_builder_area=\u00bbpost_content\u00bb][et_pb_text _builder_version=\u00bb4.27.4&#8243; _module_preset=\u00bbdefault\u00bb hover_enabled=\u00bb0&#8243; global_colors_info=\u00bb{}\u00bb theme_builder_area=\u00bbpost_content\u00bb sticky_enabled=\u00bb0&#8243;]<\/p>\n<h2>Haga clic para acceder a los documentos en formato PDF<\/h2>\n<p><a href=\"https:\/\/www.npcrs.com.br\/wp-content\/uploads\/2025\/09\/consentimento-em-pesquisa_FrancisconiGoldim.pdf\" target=\"_blank\" rel=\"noopener\" title=\"Termo de Consentimento Informado para Pesquisa \u2013 Aux\u00edlio para a sua Estrutura\u00e7\u00e3o\"><i class=\"fi fi-sr-file-pdf icone-pdf\"><\/i> Termo de Consentimento Informado para Pesquisa \u2013 Aux\u00edlio para a sua Estrutura\u00e7\u00e3o<\/a><\/p>\n<p><a href=\"https:\/\/www.npcrs.com.br\/wp-content\/uploads\/2025\/09\/Consentimento-Informado_Goldim.pdf\" target=\"_blank\" rel=\"noopener\" title=\"Consentimento Informado\"><i class=\"fi fi-sr-file-pdf icone-pdf\"><\/i> Consentimento Informado<\/a><\/p>\n<p><a href=\"https:\/\/www.npcrs.com.br\/wp-content\/uploads\/2025\/09\/Etica-Aplicada-a-Pesquisa-em-Saude-27_07_2000.pdf\" target=\"_blank\" rel=\"noopener\" title=\"\u00c9tica Aplicada \u00e0 Pesquisa em Sa\u00fade\"><i class=\"fi fi-sr-file-pdf icone-pdf\"><\/i> \u00c9tica Aplicada \u00e0 Pesquisa em Sa\u00fade<\/a><\/p>\n<p><a href=\"https:\/\/www.npcrs.com.br\/wp-content\/uploads\/2025\/09\/goldim-TCLE-coletivo.pdf\" target=\"_blank\" rel=\"noopener\" title=\"O processo de consentimento livre e esclarecido em pesquisa: Uma nova abordagem\"><i class=\"fi fi-sr-file-pdf icone-pdf\"><\/i> O processo de consentimento livre e esclarecido em pesquisa: Uma nova abordagem<\/a><\/p>\n<p>[\/et_pb_text][\/et_pb_column][\/et_pb_row][\/et_pb_section][et_pb_section fb_built=\u00bb1&#8243; fullwidth=\u00bbon\u00bb _builder_version=\u00bb4.27.4&#8243; _module_preset=\u00bbdefault\u00bb background_enable_color=\u00bboff\u00bb background_enable_image=\u00bboff\u00bb global_module=\u00bb1666&#8243; saved_tabs=\u00bball\u00bb global_colors_info=\u00bb{}\u00bb theme_builder_area=\u00bbpost_content\u00bb][et_pb_fullwidth_slider _builder_version=\u00bb4.27.4&#8243; _module_preset=\u00bbdefault\u00bb header_font=\u00bbMontserrat|800|||||||\u00bb header_text_align=\u00bbcenter\u00bb body_text_align=\u00bbleft\u00bb body_font_size=\u00bb16px\u00bb background_enable_color=\u00bboff\u00bb use_background_color_gradient=\u00bbon\u00bb background_color_gradient_stops=\u00bbrgba(7,69,127,0.75) 0%|rgba(7,69,127,0.75) 100%\u00bb background_color_gradient_overlays_image=\u00bbon\u00bb background_image=\u00bbhttps:\/\/www.npcrs.com.br\/wp-content\/uploads\/2025\/09\/voluntario-2.jpg\u00bb custom_button=\u00bbon\u00bb button_text_size=\u00bb18px\u00bb button_text_color=\u00bb#F3F4F6&#8243; button_bg_color=\u00bb#1478C4&#8243; button_border_color=\u00bbRGBA(255,255,255,0)\u00bb button_border_radius=\u00bb8px\u00bb button_font=\u00bbMontserrat|||on|||||\u00bb button_icon=\u00bb&#xe101;||divi||400&#8243; button_icon_placement=\u00bbleft\u00bb button_on_hover=\u00bboff\u00bb box_shadow_style_button=\u00bbpreset3&#8243; box_shadow_vertical_button=\u00bb10px\u00bb box_shadow_blur_button=\u00bb14px\u00bb box_shadow_color_button=\u00bbrgba(17,24,39,0.59)\u00bb global_colors_info=\u00bb{}\u00bb theme_builder_area=\u00bbpost_content\u00bb][et_pb_slide heading=\u00bbSea un voluntario\u00bb button_text=\u00bbQuiero Participar\u00bb button_link=\u00bb@ET-DC@eyJkeW5hbWljIjp0cnVlLCJjb250ZW50IjoicG9zdF9saW5rX3VybF9wYWdlIiwic2V0dGluZ3MiOnsicG9zdF9pZCI6IjExMiJ9fQ==@\u00bb _builder_version=\u00bb4.27.4&#8243; _dynamic_attributes=\u00bbbutton_link\u00bb _module_preset=\u00bbdefault\u00bb header_text_align=\u00bbcenter\u00bb body_text_align=\u00bbcenter\u00bb text_orientation=\u00bbcenter\u00bb global_colors_info=\u00bb{}\u00bb sticky_transition=\u00bbon\u00bb theme_builder_area=\u00bbpost_content\u00bb]Participe en estudios cl\u00ednicos que contribuyen al avance de la ciencia y ayudan a transformar vidas. Su participaci\u00f3n hace la diferencia.[\/et_pb_slide][\/et_pb_fullwidth_slider][\/et_pb_section]<\/p>\n","protected":false},"excerpt":{"rendered":"<p>Materiales de referencia que apoyan a investigadores y voluntarios en la comprensi\u00f3n del proceso \u00e9tico de la investigaci\u00f3n cl\u00ednica.La comprensi\u00f3n plena de los derechos y responsabilidades es fundamental para la participaci\u00f3n en estudios cl\u00ednicos. En esta secci\u00f3n, reunimos documentos que ofrecen orientaciones pr\u00e1cticas sobre la elaboraci\u00f3n y la conducci\u00f3n del proceso de consentimiento informado, adem\u00e1s [&hellip;]<\/p>\n","protected":false},"author":1,"featured_media":0,"parent":2929,"menu_order":0,"comment_status":"closed","ping_status":"closed","template":"","meta":{"_acf_changed":false,"_et_pb_use_builder":"on","_et_pb_old_content":"","_et_gb_content_width":"","_joinchat":[],"footnotes":""},"class_list":["post-2938","page","type-page","status-publish","hentry"],"acf":[],"_links":{"self":[{"href":"https:\/\/www.npcrs.com.br\/es\/wp-json\/wp\/v2\/pages\/2938","targetHints":{"allow":["GET"]}}],"collection":[{"href":"https:\/\/www.npcrs.com.br\/es\/wp-json\/wp\/v2\/pages"}],"about":[{"href":"https:\/\/www.npcrs.com.br\/es\/wp-json\/wp\/v2\/types\/page"}],"author":[{"embeddable":true,"href":"https:\/\/www.npcrs.com.br\/es\/wp-json\/wp\/v2\/users\/1"}],"replies":[{"embeddable":true,"href":"https:\/\/www.npcrs.com.br\/es\/wp-json\/wp\/v2\/comments?post=2938"}],"version-history":[{"count":2,"href":"https:\/\/www.npcrs.com.br\/es\/wp-json\/wp\/v2\/pages\/2938\/revisions"}],"predecessor-version":[{"id":2940,"href":"https:\/\/www.npcrs.com.br\/es\/wp-json\/wp\/v2\/pages\/2938\/revisions\/2940"}],"up":[{"embeddable":true,"href":"https:\/\/www.npcrs.com.br\/es\/wp-json\/wp\/v2\/pages\/2929"}],"wp:attachment":[{"href":"https:\/\/www.npcrs.com.br\/es\/wp-json\/wp\/v2\/media?parent=2938"}],"curies":[{"name":"wp","href":"https:\/\/api.w.org\/{rel}","templated":true}]}}