{"id":2941,"date":"2025-08-30T16:39:05","date_gmt":"2025-08-30T19:39:05","guid":{"rendered":"https:\/\/www.npcrs.com.br\/regulacion\/privacidad-y-lgpd\/"},"modified":"2025-11-04T14:43:39","modified_gmt":"2025-11-04T17:43:39","slug":"privacidad-y-lgpd","status":"publish","type":"page","link":"https:\/\/www.npcrs.com.br\/es\/investigacion-clinica\/regulacion\/privacidad-y-lgpd\/","title":{"rendered":"PRIVACIDAD Y LGPD"},"content":{"rendered":"<p>[et_pb_section fb_built=\u00bb1&#8243; fullwidth=\u00bbon\u00bb _builder_version=\u00bb4.27.4&#8243; _module_preset=\u00bbdefault\u00bb background_enable_color=\u00bboff\u00bb use_background_color_gradient=\u00bbon\u00bb background_color_gradient_stops=\u00bbrgba(20,120,196,0.85) 0%|rgba(20,120,196,0.85) 100%\u00bb background_color_gradient_overlays_image=\u00bbon\u00bb background_image=\u00bbhttps:\/\/www.npcrs.com.br\/wp-content\/uploads\/2025\/09\/dna-estudos.jpg\u00bb global_colors_info=\u00bb{}\u00bb theme_builder_area=\u00bbpost_content\u00bb][et_pb_fullwidth_header title=\u00bbPRIVACIDAD Y LGPD\u00bb _builder_version=\u00bb4.27.4&#8243; _module_preset=\u00bbdefault\u00bb title_font=\u00bb|700||on|||||\u00bb background_enable_color=\u00bboff\u00bb background_enable_image=\u00bboff\u00bb global_colors_info=\u00bb{}\u00bb theme_builder_area=\u00bbpost_content\u00bb]<\/p>\n<p>Protecci\u00f3n de datos con \u00e9tica, transparencia y responsabilidad.<\/p>\n<p>[\/et_pb_fullwidth_header][\/et_pb_section][et_pb_section fb_built=\u00bb1&#8243; _builder_version=\u00bb4.27.4&#8243; _module_preset=\u00bbdefault\u00bb custom_padding=\u00bb||30px|||\u00bb global_colors_info=\u00bb{}\u00bb theme_builder_area=\u00bbpost_content\u00bb][et_pb_row column_structure=\u00bb2_3,1_3&#8243; _builder_version=\u00bb4.27.4&#8243; _module_preset=\u00bbdefault\u00bb global_colors_info=\u00bb{}\u00bb theme_builder_area=\u00bbpost_content\u00bb][et_pb_column type=\u00bb2_3&#8243; _builder_version=\u00bb4.27.4&#8243; _module_preset=\u00bbdefault\u00bb global_colors_info=\u00bb{}\u00bb theme_builder_area=\u00bbpost_content\u00bb][et_pb_text _builder_version=\u00bb4.27.4&#8243; _module_preset=\u00bbdefault\u00bb custom_padding=\u00bb||16px|||\u00bb hover_enabled=\u00bb0&#8243; global_colors_info=\u00bb{}\u00bb theme_builder_area=\u00bbpost_content\u00bb sticky_enabled=\u00bb0&#8243;]<\/p>\n<p data-start=\"327\" data-end=\"502\">En NPCRS, tratamos la privacidad como parte esencial de nuestro compromiso con la \u00e9tica en investigaci\u00f3n cl\u00ednica. Toda la informaci\u00f3n personal recolectada de voluntarios, profesionales y socios es utilizada exclusivamente para finalidades relacionadas con los estudios y siempre en conformidad con la Ley General de Protecci\u00f3n de Datos (LGPD). Nuestra prioridad es garantizar que cada participante tenga seguridad, claridad y confianza en el tratamiento de sus datos.<\/p>\n<p>[\/et_pb_text][et_pb_divider _builder_version=\u00bb4.27.4&#8243; _module_preset=\u00bbdefault\u00bb global_colors_info=\u00bb{}\u00bb theme_builder_area=\u00bbpost_content\u00bb][\/et_pb_divider][\/et_pb_column][et_pb_column type=\u00bb1_3&#8243; _builder_version=\u00bb4.27.4&#8243; _module_preset=\u00bbdefault\u00bb global_colors_info=\u00bb{}\u00bb theme_builder_area=\u00bbpost_content\u00bb][et_pb_image src=\u00bbhttps:\/\/www.npcrs.com.br\/wp-content\/uploads\/2025\/09\/privacidade-2.jpg\u00bb title_text=\u00bbprivacidade-2&#8243; _builder_version=\u00bb4.27.4&#8243; _module_preset=\u00bbdefault\u00bb hover_enabled=\u00bb0&#8243; box_shadow_style=\u00bbpreset4&#8243; box_shadow_horizontal=\u00bb8px\u00bb box_shadow_vertical=\u00bb8px\u00bb box_shadow_color=\u00bb#1478C4&#8243; global_colors_info=\u00bb{}\u00bb theme_builder_area=\u00bbpost_content\u00bb sticky_enabled=\u00bb0&#8243;][\/et_pb_image][\/et_pb_column][\/et_pb_row][et_pb_row _builder_version=\u00bb4.27.4&#8243; _module_preset=\u00bbdefault\u00bb global_colors_info=\u00bb{}\u00bb theme_builder_area=\u00bbpost_content\u00bb][et_pb_column type=\u00bb4_4&#8243; _builder_version=\u00bb4.27.4&#8243; _module_preset=\u00bbdefault\u00bb global_colors_info=\u00bb{}\u00bb theme_builder_area=\u00bbpost_content\u00bb][et_pb_text _builder_version=\u00bb4.27.4&#8243; _module_preset=\u00bbdefault\u00bb hover_enabled=\u00bb0&#8243; global_colors_info=\u00bb{}\u00bb theme_builder_area=\u00bbpost_content\u00bb sticky_enabled=\u00bb0&#8243;]<\/p>\n<h3>Introducci\u00f3n<\/h3>\n<p>En NPCRS, la protecci\u00f3n de la privacidad y el tratamiento responsable de los datos personales son compromisos fundamentales. Actuamos en conformidad con la Ley General de Protecci\u00f3n de Datos (LGPD \u2013 Ley n\u00ba 13.709\/2018) y con principios \u00e9ticos aplicables a la investigaci\u00f3n cl\u00ednica, garantizando seguridad, transparencia y respeto a los derechos de cada participante.<\/p>\n<hr>\n<h3>Recolecci\u00f3n de datos personales<\/h3>\n<p>Durante los procesos de selecci\u00f3n, inscripci\u00f3n y seguimiento en estudios cl\u00ednicos, pueden ser recolectados datos como:<\/p>\n<ul>\n<li>Informaci\u00f3n de identificaci\u00f3n (nombre, edad, contactos);<\/li>\n<li>Datos de salud necesarios para evaluar la elegibilidad en los estudios;<\/li>\n<li>Registros de participaci\u00f3n, cuando sea aplicable.<\/li>\n<\/ul>\n<p>Todos los datos est\u00e1n limitados al m\u00ednimo necesario y utilizados exclusivamente para finalidades relacionadas con las investigaciones cl\u00ednicas conducidas por NPCRS.<\/p>\n<hr>\n<h3>Finalidad y uso<\/h3>\n<p>Los datos son tratados para:<\/p>\n<ul>\n<li>Evaluar criterios de inclusi\u00f3n\/exclusi\u00f3n en estudios cl\u00ednicos;<\/li>\n<li>Garantizar comunicaci\u00f3n segura entre equipo de investigaci\u00f3n y voluntarios;<\/li>\n<li>Cumplir exigencias regulatorias y legales aplicables a la investigaci\u00f3n cl\u00ednica.<\/li>\n<\/ul>\n<p>No realizamos uso comercial, compartici\u00f3n indebida o venta de informaci\u00f3n personal.<\/p>\n<hr>\n<h3>Almacenamiento y seguridad<\/h3>\n<p>Adoptamos medidas t\u00e9cnicas y administrativas para proteger los datos contra accesos no autorizados, alteraciones o p\u00e9rdidas, incluyendo:<\/p>\n<ul>\n<li>Sistemas con acceso restringido;<\/li>\n<li>Monitoreo continuo de la infraestructura;<\/li>\n<li>Procedimientos de backup y actualizaci\u00f3n regular de seguridad.<\/li>\n<\/ul>\n<hr>\n<h3>Derechos de los titulares<\/h3>\n<p>De acuerdo con la LGPD, cada participante tiene derecho a:<\/p>\n<ul>\n<li>Confirmar la existencia de tratamiento de sus datos;<\/li>\n<li>Solicitar acceso, correcci\u00f3n o actualizaci\u00f3n de las informaciones;<\/li>\n<li>Requerir anonimizaci\u00f3n, bloqueo o eliminaci\u00f3n de datos excesivos;<\/li>\n<li>Revocar el consentimiento en cualquier momento, sin perjuicio de la participaci\u00f3n ya realizada.<\/li>\n<\/ul>\n<hr>\n<h3>Contacto sobre privacidad<\/h3>\n<p>En caso de dudas o solicitudes relacionadas con la privacidad y el uso de datos personales, disponibilizamos el canal:<\/p>\n<p><strong><a href=\"mailto:contato@npcrs.com.br\"><i class=\"fi fi-sr-envelope\"><\/i> contato@npcrs.com.br<\/a><\/strong><br \/>\n<strong><i class=\"fi fi-sr-phone-flip\"><\/i>  (51) 3779-6400<\/strong><\/p>\n<hr>\n<h3>Actualizaci\u00f3n<\/h3>\n<p>Este compromiso con la privacidad ser\u00e1 peri\u00f3dicamente revisado para acompa\u00f1ar alteraciones en la legislaci\u00f3n o en las pr\u00e1cticas de investigaci\u00f3n cl\u00ednica.<\/p>\n<ul>\n<li><strong>\u00daltima actualizaci\u00f3n: Septiembre\/2025<\/strong><\/li>\n<\/ul>\n<p>[\/et_pb_text][\/et_pb_column][\/et_pb_row][\/et_pb_section][et_pb_section fb_built=\u00bb1&#8243; fullwidth=\u00bbon\u00bb _builder_version=\u00bb4.27.4&#8243; _module_preset=\u00bbdefault\u00bb background_enable_color=\u00bboff\u00bb background_enable_image=\u00bboff\u00bb global_module=\u00bb1666&#8243; saved_tabs=\u00bball\u00bb global_colors_info=\u00bb{}\u00bb theme_builder_area=\u00bbpost_content\u00bb][et_pb_fullwidth_slider _builder_version=\u00bb4.27.4&#8243; _module_preset=\u00bbdefault\u00bb header_font=\u00bbMontserrat|800|||||||\u00bb header_text_align=\u00bbcenter\u00bb body_text_align=\u00bbleft\u00bb body_font_size=\u00bb16px\u00bb background_enable_color=\u00bboff\u00bb use_background_color_gradient=\u00bbon\u00bb background_color_gradient_stops=\u00bbrgba(7,69,127,0.75) 0%|rgba(7,69,127,0.75) 100%\u00bb background_color_gradient_overlays_image=\u00bbon\u00bb background_image=\u00bbhttps:\/\/www.npcrs.com.br\/wp-content\/uploads\/2025\/09\/voluntario-2.jpg\u00bb custom_button=\u00bbon\u00bb button_text_size=\u00bb18px\u00bb button_text_color=\u00bb#F3F4F6&#8243; button_bg_color=\u00bb#1478C4&#8243; button_border_color=\u00bbRGBA(255,255,255,0)\u00bb button_border_radius=\u00bb8px\u00bb button_font=\u00bbMontserrat|||on|||||\u00bb button_icon=\u00bb&#xe101;||divi||400&#8243; button_icon_placement=\u00bbleft\u00bb button_on_hover=\u00bboff\u00bb box_shadow_style_button=\u00bbpreset3&#8243; box_shadow_vertical_button=\u00bb10px\u00bb box_shadow_blur_button=\u00bb14px\u00bb box_shadow_color_button=\u00bbrgba(17,24,39,0.59)\u00bb global_colors_info=\u00bb{}\u00bb theme_builder_area=\u00bbpost_content\u00bb][et_pb_slide heading=\u00bbSea un voluntario\u00bb button_text=\u00bbQuiero Participar\u00bb button_link=\u00bb@ET-DC@eyJkeW5hbWljIjp0cnVlLCJjb250ZW50IjoicG9zdF9saW5rX3VybF9wYWdlIiwic2V0dGluZ3MiOnsicG9zdF9pZCI6IjExMiJ9fQ==@\u00bb _builder_version=\u00bb4.27.4&#8243; _dynamic_attributes=\u00bbbutton_link\u00bb _module_preset=\u00bbdefault\u00bb header_text_align=\u00bbcenter\u00bb body_text_align=\u00bbcenter\u00bb text_orientation=\u00bbcenter\u00bb global_colors_info=\u00bb{}\u00bb sticky_transition=\u00bbon\u00bb theme_builder_area=\u00bbpost_content\u00bb]Participe en estudios cl\u00ednicos que contribuyen al avance de la ciencia y ayudan a transformar vidas. Su participaci\u00f3n hace la diferencia.[\/et_pb_slide][\/et_pb_fullwidth_slider][\/et_pb_section]<\/p>\n","protected":false},"excerpt":{"rendered":"<p>Protecci\u00f3n de datos con \u00e9tica, transparencia y responsabilidad.En NPCRS, tratamos la privacidad como parte esencial de nuestro compromiso con la \u00e9tica en investigaci\u00f3n cl\u00ednica. Toda la informaci\u00f3n personal recolectada de voluntarios, profesionales y socios es utilizada exclusivamente para finalidades relacionadas con los estudios y siempre en conformidad con la Ley General de Protecci\u00f3n de Datos [&hellip;]<\/p>\n","protected":false},"author":1,"featured_media":0,"parent":2929,"menu_order":0,"comment_status":"closed","ping_status":"closed","template":"","meta":{"_acf_changed":false,"_et_pb_use_builder":"on","_et_pb_old_content":"","_et_gb_content_width":"","_joinchat":[],"footnotes":""},"class_list":["post-2941","page","type-page","status-publish","hentry"],"acf":[],"_links":{"self":[{"href":"https:\/\/www.npcrs.com.br\/es\/wp-json\/wp\/v2\/pages\/2941","targetHints":{"allow":["GET"]}}],"collection":[{"href":"https:\/\/www.npcrs.com.br\/es\/wp-json\/wp\/v2\/pages"}],"about":[{"href":"https:\/\/www.npcrs.com.br\/es\/wp-json\/wp\/v2\/types\/page"}],"author":[{"embeddable":true,"href":"https:\/\/www.npcrs.com.br\/es\/wp-json\/wp\/v2\/users\/1"}],"replies":[{"embeddable":true,"href":"https:\/\/www.npcrs.com.br\/es\/wp-json\/wp\/v2\/comments?post=2941"}],"version-history":[{"count":2,"href":"https:\/\/www.npcrs.com.br\/es\/wp-json\/wp\/v2\/pages\/2941\/revisions"}],"predecessor-version":[{"id":2943,"href":"https:\/\/www.npcrs.com.br\/es\/wp-json\/wp\/v2\/pages\/2941\/revisions\/2943"}],"up":[{"embeddable":true,"href":"https:\/\/www.npcrs.com.br\/es\/wp-json\/wp\/v2\/pages\/2929"}],"wp:attachment":[{"href":"https:\/\/www.npcrs.com.br\/es\/wp-json\/wp\/v2\/media?parent=2941"}],"curies":[{"name":"wp","href":"https:\/\/api.w.org\/{rel}","templated":true}]}}