{"id":2982,"date":"2025-10-15T21:02:23","date_gmt":"2025-10-16T00:02:23","guid":{"rendered":"https:\/\/www.npcrs.com.br\/profesionales-estudios\/"},"modified":"2025-11-05T12:05:44","modified_gmt":"2025-11-05T15:05:44","slug":"profesionales-estudios","status":"publish","type":"page","link":"https:\/\/www.npcrs.com.br\/es\/investigacion-clinica\/profesionales-estudios\/","title":{"rendered":"Profesionales Estudios"},"content":{"rendered":"<p>[et_pb_section fb_built=\u00bb1&#8243; fullwidth=\u00bbon\u00bb _builder_version=\u00bb4.27.4&#8243; _module_preset=\u00bbdefault\u00bb background_enable_color=\u00bboff\u00bb use_background_color_gradient=\u00bbon\u00bb background_color_gradient_stops=\u00bbrgba(20,120,196,0.85) 0%|rgba(20,120,196,0.85) 100%\u00bb background_color_gradient_overlays_image=\u00bbon\u00bb background_image=\u00bbhttps:\/\/www.npcrs.com.br\/wp-content\/uploads\/2025\/09\/dna-estudos.jpg\u00bb global_colors_info=\u00bb{}\u00bb][et_pb_fullwidth_header title=\u00bbEstudios por Profesional\u00bb _builder_version=\u00bb4.27.4&#8243; _module_preset=\u00bbdefault\u00bb title_font=\u00bb|700||on|||||\u00bb background_enable_color=\u00bboff\u00bb background_enable_image=\u00bboff\u00bb global_colors_info=\u00bb{}\u00bb][\/et_pb_fullwidth_header][\/et_pb_section][et_pb_section fb_built=\u00bb1&#8243; _builder_version=\u00bb4.27.4&#8243; _module_preset=\u00bbdefault\u00bb custom_padding=\u00bb||10px||false|false\u00bb global_colors_info=\u00bb{}\u00bb][et_pb_row _builder_version=\u00bb4.27.4&#8243; _module_preset=\u00bbdefault\u00bb global_colors_info=\u00bb{}\u00bb][et_pb_column type=\u00bb4_4&#8243; _builder_version=\u00bb4.27.4&#8243; _module_preset=\u00bbdefault\u00bb global_colors_info=\u00bb{}\u00bb][et_pb_code _builder_version=\u00bb4.27.4&#8243; _module_preset=\u00bbdefault\u00bb hover_enabled=\u00bb0&#8243; global_colors_info=\u00bb{}\u00bb sticky_enabled=\u00bb0&#8243;]<div class=\"estudos-geral-header\"><h1>Estudios Cl\u00ednicos<\/h1><p>Acompanhe as pesquisas conduzidas pelo NPCRS.<\/p><\/div>    <style>\n        \/* Critical CSS inline para garantia de aplica\u00e7\u00e3o - NPCRS Filtros v3.0.12.8 *\/\n        @media (max-width: 1024px) {\n            .npcrs-filtros .filtros-row {\n                display: block !important;\n            }\n\n            .npcrs-filtros .filtro-col {\n                width: 100% !important;\n                margin: 0 !important;\n                display: block !important;\n            }\n\n            .npcrs-filtros .filtro-col+.filtro-col {\n                margin-top: 0.5rem !important;\n            }\n\n            .npcrs-filtros .filtro-col label {\n                margin-bottom: 0.3rem !important;\n            }\n\n            .npcrs-filtros .filtro-col select {\n                margin: 0 !important;\n            }\n        }\n    <\/style>\n    <div class=\"npcrs-filtros\">\n        <form method=\"GET\" action=\"\" id=\"npcrs-filtros-form\">\n            <input type=\"hidden\" id=\"npcrs_nonce\" name=\"npcrs_nonce\" value=\"1c68fc1823\" \/>            <div class=\"filtros-row\">\n                <div class=\"filtro-col\">\n                    <label for=\"filter-status\">Situaci\u00f3n:<\/label>\n                    <select name=\"status\" id=\"filter-status\">\n                        <option value=\"\">Todos los Estados<\/option>\n                        <option value=\"recrutando\" >\n                            Reclutando                        <\/option>\n                        <option value=\"andamento\" >\n                            En Curso                        <\/option>\n                        <option value=\"finalizado\" >\n                            Finalizado                        <\/option>\n                    <\/select>\n                <\/div>\n\n                <div class=\"filtro-col\">\n                    <label for=\"filter-especialidade\">Especialidad:<\/label>\n                    <select name=\"especialidade\" id=\"filter-especialidade\">\n                        <option value=\"\">Todas las Especialidades<\/option>\n                                            <\/select>\n                <\/div>\n\n                <div class=\"filtro-col\">\n                    <label for=\"filter-area\">\u00c1rea:<\/label>\n                    <select name=\"area\" id=\"filter-area\">\n                        <option value=\"\">Todas las \u00c1reas<\/option>\n                        <option value=\"alzheimer\" >Alzheimer<\/option><option value=\"apnea-del-sueno\" >Apnea del Sue\u00f1o<\/option><option value=\"cardiovascular\" >Cardiovascular<\/option><option value=\"depresion\" >Depresi\u00f3n<\/option><option value=\"diabetes\" >Diabetes<\/option><option value=\"dislipidemia\" >Dislipidemia<\/option><option value=\"dislipidemia-cardiovascular\" >Dislipidemia; Cardiovascular<\/option><option value=\"enfermedad-ocular-de-la-tiroides\" >Enfermedad Ocular de la Tiroides<\/option><option value=\"esclerosis-multiple\" >Esclerosis M\u00faltiple<\/option><option value=\"ginecologia\" >Ginecolog\u00eda<\/option><option value=\"lupus\" >Lupus<\/option><option value=\"nefrologia\" >Nefrolog\u00eda<\/option><option value=\"obesidad\" >Obesidad<\/option><option value=\"pediatria\" >Pediatria<\/option><option value=\"ronco\" >Ronco<\/option><option value=\"vacina\" >Vacina<\/option>                    <\/select>\n                <\/div>\n\n                <div class=\"filtro-col filtro-acoes\">\n                    <button type=\"submit\" class=\"btn-filtrar\">Filtrar<\/button>\n                    <a href=\"https:\/\/www.npcrs.com.br\/es\/pesquisa-clinica\/estudos\/\"\n                        class=\"btn-limpar\">Limpiar<\/a>\n                <\/div>\n            <\/div>\n        <\/form>\n    <\/div>\n    <script>\n        \/* JavaScript Fallback para garantia de aplica\u00e7\u00e3o - NPCRS Filtros v3.0.12.8 *\/\n        (function () {\n            function aplicarEstilosFiltros() {\n                if (window.innerWidth <= 1024) {\n                    var filtrosRow = document.querySelector(\".npcrs-filtros .filtros-row\");\n                    if (filtrosRow) {\n                        filtrosRow.style.display = \"block\";\n                        var cols = filtrosRow.querySelectorAll(\".filtro-col\");\n                        cols.forEach(function (col, index) {\n                            col.style.width = \"100%\";\n                            col.style.margin = \"0\";\n                            col.style.display = \"block\";\n                            if (index > 0) {\n                                col.style.marginTop = \"0.5rem\";\n                            }\n                        });\n                    }\n                }\n            }\n\n            if (document.readyState === \"loading\") {\n                document.addEventListener(\"DOMContentLoaded\", aplicarEstilosFiltros);\n            } else {\n                aplicarEstilosFiltros();\n            }\n\n            window.addEventListener(\"resize\", aplicarEstilosFiltros);\n        })();\n    <\/script>\n        <div class=\"npcrs-estudos-container\">\n                    <div class=\"estudos-count\">\n                <p><strong>208 estudios encontrados<\/strong><\/p>\n            <\/div>\n            <div class=\"estudos-grid\">\n                                        <article class=\"estudo-card normal status-recrutando\">\n        <header class=\"card-header\">\n            <span class=\"status-badge recrutando\">\n                Reclutando Voluntarios            <\/span>\n            <span class=\"area-tag\">Vacina<\/span>\n        <\/header>\n        <div class=\"card-body\">\n            <h3 class=\"card-title\">Vacina da Dengue<\/h3>\n            <p class=\"card-excerpt\">Vacina da Dengue - Instituto Butantan<\/p>\n                    <\/div>\n        <footer class=\"card-footer\">\n                            <a href=\"https:\/\/www.npcrs.com.br\/es\/pesquisa-clinica\/seja-um-voluntario\/\" class=\"btn-primary\">\n                    Participar                <\/a>\n                <a href=\"https:\/\/www.npcrs.com.br\/es\/estudos\/dengue-butantan\/\" class=\"btn-secondary\">\n                    Conozca M\u00e1s                <\/a>\n                    <\/footer>\n    <\/article>\n                                            <article class=\"estudo-card normal status-recrutando\">\n        <header class=\"card-header\">\n            <span class=\"status-badge recrutando\">\n                Reclutando Voluntarios            <\/span>\n            <span class=\"area-tag\">Doen\u00e7a Ocular da Tire\u00f3ide<\/span>\n        <\/header>\n        <div class=\"card-body\">\n            <h3 class=\"card-title\">Doen\u00e7a Ocular da Tire\u00f3ide<\/h3>\n            <p class=\"card-excerpt\">Um estudo de varia\u00e7\u00e3o de dose para investigar a efic\u00e1cia e a seguran\u00e7a de TO...<\/p>\n                    <\/div>\n        <footer class=\"card-footer\">\n                            <a href=\"https:\/\/www.npcrs.com.br\/es\/pesquisa-clinica\/seja-um-voluntario\/\" class=\"btn-primary\">\n                    Participar                <\/a>\n                <a href=\"https:\/\/www.npcrs.com.br\/es\/estudos\/doenca-ocular-da-tireoide\/\" class=\"btn-secondary\">\n                    Conozca M\u00e1s                <\/a>\n                    <\/footer>\n    <\/article>\n                                            <article class=\"estudo-card normal status-recrutando\">\n        <header class=\"card-header\">\n            <span class=\"status-badge recrutando\">\n                Reclutando Voluntarios            <\/span>\n            <span class=\"area-tag\">Cardiovascular<\/span>\n        <\/header>\n        <div class=\"card-body\">\n            <h3 class=\"card-title\">Insufici\u00eancia Card\u00edaca<\/h3>\n            <p class=\"card-excerpt\">Os Estudos EASi-HF est\u00e3o tentando descobrir se a poss\u00edvel nova combina\u00e7\u00e3o de...<\/p>\n                    <\/div>\n        <footer class=\"card-footer\">\n                            <a href=\"https:\/\/www.npcrs.com.br\/es\/pesquisa-clinica\/seja-um-voluntario\/\" class=\"btn-primary\">\n                    Participar                <\/a>\n                <a href=\"https:\/\/www.npcrs.com.br\/es\/estudos\/easi-hf-0018\/\" class=\"btn-secondary\">\n                    Conozca M\u00e1s                <\/a>\n                    <\/footer>\n    <\/article>\n                                            <article class=\"estudo-card normal status-recrutando\">\n        <header class=\"card-header\">\n            <span class=\"status-badge recrutando\">\n                Reclutando Voluntarios            <\/span>\n            <span class=\"area-tag\">Esclerose M\u00faltipla<\/span>\n        <\/header>\n        <div class=\"card-body\">\n            <h3 class=\"card-title\">Esclerose M\u00faltipla para crian\u00e7as e Adolescentes<\/h3>\n            <p class=\"card-excerpt\">Estudo de grupo \u00fanico para avaliar os efeitos farmacocin\u00e9ticos e farmacodin\u00e2m...<\/p>\n                    <\/div>\n        <footer class=\"card-footer\">\n                            <a href=\"https:\/\/www.npcrs.com.br\/es\/pesquisa-clinica\/seja-um-voluntario\/\" class=\"btn-primary\">\n                    Participar                <\/a>\n                <a href=\"https:\/\/www.npcrs.com.br\/es\/estudos\/esclerose-multipla-para-criancas-e-adolescentes-202\/\" class=\"btn-secondary\">\n                    Conozca M\u00e1s                <\/a>\n                    <\/footer>\n    <\/article>\n                                            <article class=\"estudo-card normal status-recrutando\">\n        <header class=\"card-header\">\n            <span class=\"status-badge recrutando\">\n                Reclutando Voluntarios            <\/span>\n            <span class=\"area-tag\">Cardiovascular<\/span>\n        <\/header>\n        <div class=\"card-body\">\n            <h3 class=\"card-title\">Insufici\u00eancia Card\u00edaca<\/h3>\n            <p class=\"card-excerpt\">Um estudo para testar se o BI 690517 em associa\u00e7\u00e3o com empagliflozina ajuda pe...<\/p>\n                    <\/div>\n        <footer class=\"card-footer\">\n                            <a href=\"https:\/\/www.npcrs.com.br\/es\/pesquisa-clinica\/seja-um-voluntario\/\" class=\"btn-primary\">\n                    Participar                <\/a>\n                <a href=\"https:\/\/www.npcrs.com.br\/es\/estudos\/insuficiencia-cardiaca-198\/\" class=\"btn-secondary\">\n                    Conozca M\u00e1s                <\/a>\n                    <\/footer>\n    <\/article>\n                                            <article class=\"estudo-card normal status-recrutando\">\n        <header class=\"card-header\">\n            <span class=\"status-badge recrutando\">\n                Reclutando Voluntarios            <\/span>\n            <span class=\"area-tag\">Cardiovascular<\/span>\n        <\/header>\n        <div class=\"card-body\">\n            <h3 class=\"card-title\">Insufici\u00eancia Card\u00edaca<\/h3>\n            <p class=\"card-excerpt\">Ferro intravenoso comparado ao padr\u00e3o de tratamento isolado em participantes co...<\/p>\n                    <\/div>\n        <footer class=\"card-footer\">\n                            <a href=\"https:\/\/www.npcrs.com.br\/es\/pesquisa-clinica\/seja-um-voluntario\/\" class=\"btn-primary\">\n                    Participar                <\/a>\n                <a href=\"https:\/\/www.npcrs.com.br\/es\/estudos\/insuficiencia-cardiaca-197\/\" class=\"btn-secondary\">\n                    Conozca M\u00e1s                <\/a>\n                    <\/footer>\n    <\/article>\n                                            <article class=\"estudo-card normal status-recrutando\">\n        <header class=\"card-header\">\n            <span class=\"status-badge recrutando\">\n                Reclutando Voluntarios            <\/span>\n            <span class=\"area-tag\">Dislipidemia; Cardiovascular<\/span>\n        <\/header>\n        <div class=\"card-body\">\n            <h3 class=\"card-title\">Lipoprote\u00edna (a) Elevado<\/h3>\n            <p class=\"card-excerpt\">O estudo MOVE-Lp(a) observar\u00e1 se um medicamento experimental pode diminuir com ...<\/p>\n                    <\/div>\n        <footer class=\"card-footer\">\n                            <a href=\"https:\/\/www.npcrs.com.br\/es\/pesquisa-clinica\/seja-um-voluntario\/\" class=\"btn-primary\">\n                    Participar                <\/a>\n                <a href=\"https:\/\/www.npcrs.com.br\/es\/estudos\/j2o-mc-ekbg\/\" class=\"btn-secondary\">\n                    Conozca M\u00e1s                <\/a>\n                    <\/footer>\n    <\/article>\n                                            <article class=\"estudo-card normal status-recrutando\">\n        <header class=\"card-header\">\n            <span class=\"status-badge recrutando\">\n                Reclutando Voluntarios            <\/span>\n            <span class=\"area-tag\">L\u00fapus<\/span>\n        <\/header>\n        <div class=\"card-body\">\n            <h3 class=\"card-title\">L\u00fapus Eritematoso Cut\u00e2neo<\/h3>\n            <p class=\"card-excerpt\">ESTUDO CONT\u00cdNUO DE 2 PARTES PARTE A (FASE 2)\/PARTE B (FASE 3) E PARA AVALIAR A ...<\/p>\n                    <\/div>\n        <footer class=\"card-footer\">\n                            <a href=\"https:\/\/www.npcrs.com.br\/es\/pesquisa-clinica\/seja-um-voluntario\/\" class=\"btn-primary\">\n                    Participar                <\/a>\n                <a href=\"https:\/\/www.npcrs.com.br\/es\/estudos\/lupus-eritematoso-cutaneo\/\" class=\"btn-secondary\">\n                    Conozca M\u00e1s                <\/a>\n                    <\/footer>\n    <\/article>\n                                            <article class=\"estudo-card normal status-recrutando\">\n        <header class=\"card-header\">\n            <span class=\"status-badge recrutando\">\n                Reclutando Voluntarios            <\/span>\n            <span class=\"area-tag\">Cardiovascular<\/span>\n        <\/header>\n        <div class=\"card-body\">\n            <h3 class=\"card-title\">Doen\u00e7as Cardiovasculares (AVC ou Infarto)<\/h3>\n            <p class=\"card-excerpt\">Estudo MARITIME-CV para pessoas com uma doen\u00e7as cardiovascular e sobrepeso ou o...<\/p>\n                    <\/div>\n        <footer class=\"card-footer\">\n                            <a href=\"https:\/\/www.npcrs.com.br\/es\/pesquisa-clinica\/seja-um-voluntario\/\" class=\"btn-primary\">\n                    Participar                <\/a>\n                <a href=\"https:\/\/www.npcrs.com.br\/es\/estudos\/maritime-amgem-20220196\/\" class=\"btn-secondary\">\n                    Conozca M\u00e1s                <\/a>\n                    <\/footer>\n    <\/article>\n                                            <article class=\"estudo-card normal status-recrutando\">\n        <header class=\"card-header\">\n            <span class=\"status-badge recrutando\">\n                Reclutando Voluntarios            <\/span>\n            <span class=\"area-tag\">N\u00e3o informado<\/span>\n        <\/header>\n        <div class=\"card-body\">\n            <h3 class=\"card-title\">Transtorno Depressivo Maior<\/h3>\n            <p class=\"card-excerpt\">Foi diagnosticado com depress\u00e3o e ainda tendo sintomas mesmo com seu antidepres...<\/p>\n                    <\/div>\n        <footer class=\"card-footer\">\n                            <a href=\"https:\/\/www.npcrs.com.br\/es\/pesquisa-clinica\/seja-um-voluntario\/\" class=\"btn-primary\">\n                    Participar                <\/a>\n                <a href=\"https:\/\/www.npcrs.com.br\/es\/estudos\/oars-7\/\" class=\"btn-secondary\">\n                    Conozca M\u00e1s                <\/a>\n                    <\/footer>\n    <\/article>\n                                            <article class=\"estudo-card normal status-recrutando\">\n        <header class=\"card-header\">\n            <span class=\"status-badge recrutando\">\n                Reclutando Voluntarios            <\/span>\n            <span class=\"area-tag\">Cardiovascular<\/span>\n        <\/header>\n        <div class=\"card-body\">\n            <h3 class=\"card-title\">BRANCH-HF - Insufici\u00eancia Card\u00edaca<\/h3>\n            <p class=\"card-excerpt\">O ensaio cl\u00ednico de insufici\u00eancia card\u00edaca (BRANCH-HF) para avaliar se um med...<\/p>\n                    <\/div>\n        <footer class=\"card-footer\">\n                            <a href=\"https:\/\/www.npcrs.com.br\/es\/pesquisa-clinica\/seja-um-voluntario\/\" class=\"btn-primary\">\n                    Participar                <\/a>\n                <a href=\"https:\/\/www.npcrs.com.br\/es\/estudos\/pfizer-branch-hf\/\" class=\"btn-secondary\">\n                    Conozca M\u00e1s                <\/a>\n                    <\/footer>\n    <\/article>\n                                            <article class=\"estudo-card normal status-recrutando\">\n        <header class=\"card-header\">\n            <span class=\"status-badge recrutando\">\n                Reclutando Voluntarios            <\/span>\n            <span class=\"area-tag\">N\u00e3o informado<\/span>\n        <\/header>\n        <div class=\"card-body\">\n            <h3 class=\"card-title\">Hipertens\u00e3o n\u00e3o controlada<\/h3>\n            <p class=\"card-excerpt\">Voc\u00ea pode fazer parte da pesquisa mais recente sobre press\u00e3o alta. Conhe\u00e7a ho...<\/p>\n                    <\/div>\n        <footer class=\"card-footer\">\n                            <a href=\"https:\/\/www.npcrs.com.br\/es\/pesquisa-clinica\/seja-um-voluntario\/\" class=\"btn-primary\">\n                    Participar                <\/a>\n                <a href=\"https:\/\/www.npcrs.com.br\/es\/estudos\/zenith-has\/\" class=\"btn-secondary\">\n                    Conozca M\u00e1s                <\/a>\n                    <\/footer>\n    <\/article>\n                                <\/div>\n            <div class=\"estudos-pagination\">\n                <span aria-current=\"page\" class=\"page-numbers current\">1<\/span>\n<a class=\"page-numbers\" href=\"https:\/\/www.npcrs.com.br\/es\/wp-json\/wp\/v2\/pages\/2982\/page\/2\/\">2<\/a>\n<a class=\"page-numbers\" href=\"https:\/\/www.npcrs.com.br\/es\/wp-json\/wp\/v2\/pages\/2982\/page\/3\/\">3<\/a>\n<span class=\"page-numbers dots\">&hellip;<\/span>\n<a class=\"page-numbers\" href=\"https:\/\/www.npcrs.com.br\/es\/wp-json\/wp\/v2\/pages\/2982\/page\/18\/\">18<\/a>\n<a class=\"next page-numbers\" href=\"https:\/\/www.npcrs.com.br\/es\/wp-json\/wp\/v2\/pages\/2982\/page\/2\/\">Siguiente \u2192<\/a>            <\/div>\n            <\/div>\n    [\/et_pb_code][et_pb_divider _builder_version=\u00bb4.27.4&#8243; _module_preset=\u00bbdefault\u00bb global_colors_info=\u00bb{}\u00bb][\/et_pb_divider][\/et_pb_column][\/et_pb_row][\/et_pb_section]<\/p>\n","protected":false},"excerpt":{"rendered":"<p>[et_pb_section fb_built=\u00bb1&#8243; fullwidth=\u00bbon\u00bb _builder_version=\u00bb4.27.4&#8243; _module_preset=\u00bbdefault\u00bb background_enable_color=\u00bboff\u00bb use_background_color_gradient=\u00bbon\u00bb background_color_gradient_stops=\u00bbrgba(20,120,196,0.85) 0%|rgba(20,120,196,0.85) 100%\u00bb background_color_gradient_overlays_image=\u00bbon\u00bb background_image=\u00bbhttps:\/\/www.npcrs.com.br\/wp-content\/uploads\/2025\/09\/dna-estudos.jpg\u00bb global_colors_info=\u00bb{}\u00bb][et_pb_fullwidth_header title=\u00bbEstudios por Profesional\u00bb _builder_version=\u00bb4.27.4&#8243; _module_preset=\u00bbdefault\u00bb title_font=\u00bb|700||on|||||\u00bb background_enable_color=\u00bboff\u00bb background_enable_image=\u00bboff\u00bb global_colors_info=\u00bb{}\u00bb][\/et_pb_fullwidth_header][\/et_pb_section][et_pb_section fb_built=\u00bb1&#8243; _builder_version=\u00bb4.27.4&#8243; _module_preset=\u00bbdefault\u00bb custom_padding=\u00bb||10px||false|false\u00bb global_colors_info=\u00bb{}\u00bb][et_pb_row _builder_version=\u00bb4.27.4&#8243; _module_preset=\u00bbdefault\u00bb global_colors_info=\u00bb{}\u00bb][et_pb_column type=\u00bb4_4&#8243; _builder_version=\u00bb4.27.4&#8243; _module_preset=\u00bbdefault\u00bb global_colors_info=\u00bb{}\u00bb][et_pb_code _builder_version=\u00bb4.27.4&#8243; _module_preset=\u00bbdefault\u00bb hover_enabled=\u00bb0&#8243; global_colors_info=\u00bb{}\u00bb sticky_enabled=\u00bb0&#8243;][\/et_pb_code][et_pb_divider _builder_version=\u00bb4.27.4&#8243; _module_preset=\u00bbdefault\u00bb global_colors_info=\u00bb{}\u00bb][\/et_pb_divider][\/et_pb_column][\/et_pb_row][\/et_pb_section]<\/p>\n","protected":false},"author":2,"featured_media":0,"parent":2989,"menu_order":0,"comment_status":"closed","ping_status":"closed","template":"","meta":{"_acf_changed":false,"_et_pb_use_builder":"on","_et_pb_old_content":"","_et_gb_content_width":"","_joinchat":[],"footnotes":""},"class_list":["post-2982","page","type-page","status-publish","hentry"],"acf":[],"_links":{"self":[{"href":"https:\/\/www.npcrs.com.br\/es\/wp-json\/wp\/v2\/pages\/2982","targetHints":{"allow":["GET"]}}],"collection":[{"href":"https:\/\/www.npcrs.com.br\/es\/wp-json\/wp\/v2\/pages"}],"about":[{"href":"https:\/\/www.npcrs.com.br\/es\/wp-json\/wp\/v2\/types\/page"}],"author":[{"embeddable":true,"href":"https:\/\/www.npcrs.com.br\/es\/wp-json\/wp\/v2\/users\/2"}],"replies":[{"embeddable":true,"href":"https:\/\/www.npcrs.com.br\/es\/wp-json\/wp\/v2\/comments?post=2982"}],"version-history":[{"count":2,"href":"https:\/\/www.npcrs.com.br\/es\/wp-json\/wp\/v2\/pages\/2982\/revisions"}],"predecessor-version":[{"id":2984,"href":"https:\/\/www.npcrs.com.br\/es\/wp-json\/wp\/v2\/pages\/2982\/revisions\/2984"}],"up":[{"embeddable":true,"href":"https:\/\/www.npcrs.com.br\/es\/wp-json\/wp\/v2\/pages\/2989"}],"wp:attachment":[{"href":"https:\/\/www.npcrs.com.br\/es\/wp-json\/wp\/v2\/media?parent=2982"}],"curies":[{"name":"wp","href":"https:\/\/api.w.org\/{rel}","templated":true}]}}